{"id":4986,"date":"2022-08-01T09:36:16","date_gmt":"2022-08-01T07:36:16","guid":{"rendered":"https:\/\/ismma.ac.mz\/site\/?page_id=4986"},"modified":"2022-08-04T16:13:22","modified_gmt":"2022-08-04T14:13:22","slug":"immma","status":"publish","type":"page","link":"https:\/\/ismma.ac.mz\/site\/immma\/","title":{"rendered":"IMMMA"},"content":{"rendered":"\t\t<div data-elementor-type=\"wp-page\" data-elementor-id=\"4986\" class=\"elementor elementor-4986\">\n\t\t\t\t\t\t<section class=\"elementor-section elementor-top-section elementor-element elementor-element-8f7148b elementor-section-boxed elementor-section-gap-beside-yes elementor-section-height-default elementor-section-height-default elementor-section-column-vertical-align-stretch\" data-id=\"8f7148b\" data-element_type=\"section\">\n\t\t\t\t\t\t<div class=\"elementor-container elementor-column-gap-extended\">\n\t\t\t\t\t<div class=\"elementor-column elementor-col-100 elementor-top-column elementor-element elementor-element-e37da1a\" data-id=\"e37da1a\" data-element_type=\"column\">\n\t\t\t<div class=\"elementor-widget-wrap elementor-element-populated\">\n\t\t\t\t\t\t<div class=\"elementor-element elementor-element-de93a78 elementor-widget elementor-widget-heading\" data-id=\"de93a78\" data-element_type=\"widget\" data-widget_type=\"heading.default\">\n\t\t\t\t<div class=\"elementor-widget-container\">\n\t\t\t\t\t<h2 class=\"elementor-heading-title elementor-size-default\">IMMMA<\/h2>\t\t\t\t<\/div>\n\t\t\t\t<\/div>\n\t\t\t\t<div class=\"elementor-element elementor-element-44e56c0 elementor-widget elementor-widget-text-editor\" data-id=\"44e56c0\" data-element_type=\"widget\" data-widget_type=\"text-editor.default\">\n\t\t\t\t<div class=\"elementor-widget-container\">\n\t\t\t\t\t\t\t\t\t<p>O Instituto M\u00e9dio Maria M\u00e3e de \u00c1frica \u2013 IMMMA \u00e9 uma pessoa colectiva de direito p\u00fablico, dotada de personalidade jur\u00eddica, e goza de autonomia cient\u00edfica, pedag\u00f3gica, administrativa e disciplinar. Assume-se como um espa\u00e7o de aprendizagem e forma\u00e7\u00e3o, onde a aquisi\u00e7\u00e3o de saberes se processa em simult\u00e2neo com o desenvolvimento de capacidades e atitudes adequadas ao perfil de um t\u00e9cnico m\u00e9dio<\/p>\t\t\t\t\t\t\t\t<\/div>\n\t\t\t\t<\/div>\n\t\t\t\t\t<\/div>\n\t\t<\/div>\n\t\t\t\t\t<\/div>\n\t\t<\/section>\n\t\t\t\t<section class=\"elementor-section elementor-top-section elementor-element elementor-element-d65ac9b elementor-section-boxed elementor-section-gap-beside-yes elementor-section-height-default elementor-section-height-default elementor-section-column-vertical-align-stretch\" data-id=\"d65ac9b\" data-element_type=\"section\">\n\t\t\t\t\t\t<div class=\"elementor-container elementor-column-gap-extended\">\n\t\t\t\t\t<div class=\"elementor-column elementor-col-100 elementor-top-column elementor-element elementor-element-711ad4b\" data-id=\"711ad4b\" data-element_type=\"column\">\n\t\t\t<div class=\"elementor-widget-wrap elementor-element-populated\">\n\t\t\t\t\t\t<section class=\"elementor-section elementor-inner-section elementor-element elementor-element-ab1aa3e elementor-section-boxed elementor-section-gap-beside-yes elementor-section-height-default elementor-section-height-default elementor-section-column-vertical-align-stretch\" data-id=\"ab1aa3e\" data-element_type=\"section\">\n\t\t\t\t\t\t<div class=\"elementor-container elementor-column-gap-extended\">\n\t\t\t\t\t<div class=\"elementor-column elementor-col-50 elementor-inner-column elementor-element elementor-element-7502a28\" data-id=\"7502a28\" data-element_type=\"column\">\n\t\t\t<div class=\"elementor-widget-wrap elementor-element-populated\">\n\t\t\t\t\t\t<div class=\"elementor-element elementor-element-d77b259 elementor-widget elementor-widget-image\" data-id=\"d77b259\" data-element_type=\"widget\" data-widget_type=\"image.default\">\n\t\t\t\t<div class=\"elementor-widget-container\">\n\t\t\t\t\t\t\t\t\t\t\t\t\t\t\t<img fetchpriority=\"high\" decoding=\"async\" width=\"640\" height=\"428\" src=\"https:\/\/ismma.ac.mz\/site\/wp-content\/uploads\/2022\/08\/DSC_0289-1-768x514.jpg\" class=\"elementor-animation-shrink attachment-medium_large size-medium_large wp-image-5158\" alt=\"\" srcset=\"https:\/\/ismma.ac.mz\/site\/wp-content\/uploads\/2022\/08\/DSC_0289-1-768x514.jpg 768w, https:\/\/ismma.ac.mz\/site\/wp-content\/uploads\/2022\/08\/DSC_0289-1-300x201.jpg 300w, https:\/\/ismma.ac.mz\/site\/wp-content\/uploads\/2022\/08\/DSC_0289-1-1024x685.jpg 1024w, https:\/\/ismma.ac.mz\/site\/wp-content\/uploads\/2022\/08\/DSC_0289-1-1536x1028.jpg 1536w, https:\/\/ismma.ac.mz\/site\/wp-content\/uploads\/2022\/08\/DSC_0289-1-2048x1371.jpg 2048w\" sizes=\"(max-width: 640px) 100vw, 640px\" \/>\t\t\t\t\t\t\t\t\t\t\t\t\t\t\t<\/div>\n\t\t\t\t<\/div>\n\t\t\t\t\t<\/div>\n\t\t<\/div>\n\t\t\t\t<div class=\"elementor-column elementor-col-50 elementor-inner-column elementor-element elementor-element-4085673\" data-id=\"4085673\" data-element_type=\"column\">\n\t\t\t<div class=\"elementor-widget-wrap elementor-element-populated\">\n\t\t\t\t\t\t<div class=\"elementor-element elementor-element-49c834c unicamp-icon-box-style-01 unicamp-graphic-position-top elementor-invisible elementor-widget elementor-widget-tm-icon-box\" data-id=\"49c834c\" data-element_type=\"widget\" data-settings=\"{&quot;_animation&quot;:&quot;unicampFadeInUp&quot;,&quot;_animation_delay&quot;:300}\" data-widget_type=\"tm-icon-box.default\">\n\t\t\t\t<div class=\"elementor-widget-container\">\n\t\t\t\t\t\t\t<a class=\"tm-icon-box unicamp-box has-link link-secret\" href=\"#\">\n\t\t<div class=\"unicamp-graphic-box icon-box-wrapper\">\n\t\t\t\n\t\t\t<div class=\"unicamp-graphic-content icon-box-content\">\n\t\t\t\t\t\t<div class=\"heading-wrap\">\n\t\t\t<h3 class=\"heading\">Miss\u00e3o<\/h3>\n\t\t\t\t\t<div class=\"heading-divider\"><\/div>\n\t\t\t\t<\/div>\n\t\t\n\t\t\t\t\t\t<div class=\"description-wrap\">\n\t\t\t<div class=\"description\">\n\t\t\t\tO Instituto M\u00e9dio Maria M\u00e3e de \u00c1frica tem a miss\u00e3o de qualificar profissionalmente o cidad\u00e3o como n\u00facleo de uma estrat\u00e9gia de desenvolvimento s\u00f3cio-econ\u00f3mico nacional que requer e repousa, em boa parte, na exist\u00eancia de uma m\u00e3o-de-obra competente e apta a evoluir nos mais variados contextos profissionais e laborais\t\t\t<\/div>\n\t\t<\/div>\n\t\t\n\t\t\t\t\t\t\t<\/div>\n\t\t<\/div>\n\n\t\t<\/a>\t\t\t\t\t\t<\/div>\n\t\t\t\t<\/div>\n\t\t\t\t\t<\/div>\n\t\t<\/div>\n\t\t\t\t\t<\/div>\n\t\t<\/section>\n\t\t\t\t<section class=\"elementor-section elementor-inner-section elementor-element elementor-element-90913df elementor-section-boxed elementor-section-gap-beside-yes elementor-section-height-default elementor-section-height-default elementor-section-column-vertical-align-stretch\" data-id=\"90913df\" data-element_type=\"section\">\n\t\t\t\t\t\t<div class=\"elementor-container elementor-column-gap-extended\">\n\t\t\t\t\t<div class=\"elementor-column elementor-col-50 elementor-inner-column elementor-element elementor-element-1ea4dc7\" data-id=\"1ea4dc7\" data-element_type=\"column\">\n\t\t\t<div class=\"elementor-widget-wrap elementor-element-populated\">\n\t\t\t\t\t\t<div class=\"elementor-element elementor-element-2671102 unicamp-icon-box-style-01 unicamp-graphic-position-top elementor-invisible elementor-widget elementor-widget-tm-icon-box\" data-id=\"2671102\" data-element_type=\"widget\" data-settings=\"{&quot;_animation&quot;:&quot;unicampFadeInUp&quot;,&quot;_animation_delay&quot;:300}\" data-widget_type=\"tm-icon-box.default\">\n\t\t\t\t<div class=\"elementor-widget-container\">\n\t\t\t\t\t\t\t<a class=\"tm-icon-box unicamp-box has-link link-secret\" href=\"#\">\n\t\t<div class=\"unicamp-graphic-box icon-box-wrapper\">\n\t\t\t\n\t\t\t<div class=\"unicamp-graphic-content icon-box-content\">\n\t\t\t\t\t\t<div class=\"heading-wrap\">\n\t\t\t<h3 class=\"heading\">Vis\u00e3o<\/h3>\n\t\t\t\t\t<div class=\"heading-divider\"><\/div>\n\t\t\t\t<\/div>\n\t\t\n\t\t\t\t\t\t<div class=\"description-wrap\">\n\t\t\t<div class=\"description\">\n\t\t\t\t\u00c1frica assume-se como um espa\u00e7o de aprendizagem e forma\u00e7\u00e3o, onde a aquisi\u00e7\u00e3o do saber se processa em simult\u00e2neo com o desenvolvimento de capacidades e atitudes adequadas ao perfil de um t\u00e9cnico m\u00e9dio capaz de responder \u00e0s necessidades da economia Mo\u00e7ambicana actualmente em fase de r\u00e1pido crescimento\t\t\t<\/div>\n\t\t<\/div>\n\t\t\n\t\t\t\t\t\t\t<\/div>\n\t\t<\/div>\n\n\t\t<\/a>\t\t\t\t\t\t<\/div>\n\t\t\t\t<\/div>\n\t\t\t\t\t<\/div>\n\t\t<\/div>\n\t\t\t\t<div class=\"elementor-column elementor-col-50 elementor-inner-column elementor-element elementor-element-2e048c1\" data-id=\"2e048c1\" data-element_type=\"column\">\n\t\t\t<div class=\"elementor-widget-wrap elementor-element-populated\">\n\t\t\t\t\t\t<div class=\"elementor-element elementor-element-38c1756 elementor-widget elementor-widget-image\" data-id=\"38c1756\" data-element_type=\"widget\" data-widget_type=\"image.default\">\n\t\t\t\t<div class=\"elementor-widget-container\">\n\t\t\t\t\t\t\t\t\t\t\t\t\t\t\t<img decoding=\"async\" width=\"640\" height=\"428\" src=\"https:\/\/ismma.ac.mz\/site\/wp-content\/uploads\/2022\/08\/DSC_0273-1-768x514.jpg\" class=\"elementor-animation-shrink attachment-medium_large size-medium_large wp-image-5156\" alt=\"\" srcset=\"https:\/\/ismma.ac.mz\/site\/wp-content\/uploads\/2022\/08\/DSC_0273-1-768x514.jpg 768w, https:\/\/ismma.ac.mz\/site\/wp-content\/uploads\/2022\/08\/DSC_0273-1-300x201.jpg 300w, https:\/\/ismma.ac.mz\/site\/wp-content\/uploads\/2022\/08\/DSC_0273-1-1024x685.jpg 1024w, https:\/\/ismma.ac.mz\/site\/wp-content\/uploads\/2022\/08\/DSC_0273-1-1536x1028.jpg 1536w, https:\/\/ismma.ac.mz\/site\/wp-content\/uploads\/2022\/08\/DSC_0273-1-2048x1371.jpg 2048w\" sizes=\"(max-width: 640px) 100vw, 640px\" \/>\t\t\t\t\t\t\t\t\t\t\t\t\t\t\t<\/div>\n\t\t\t\t<\/div>\n\t\t\t\t\t<\/div>\n\t\t<\/div>\n\t\t\t\t\t<\/div>\n\t\t<\/section>\n\t\t\t\t<section class=\"elementor-section elementor-inner-section elementor-element elementor-element-a8ccf29 elementor-section-boxed elementor-section-gap-beside-yes elementor-section-height-default elementor-section-height-default elementor-section-column-vertical-align-stretch\" data-id=\"a8ccf29\" data-element_type=\"section\">\n\t\t\t\t\t\t<div class=\"elementor-container elementor-column-gap-extended\">\n\t\t\t\t\t<div class=\"elementor-column elementor-col-50 elementor-inner-column elementor-element elementor-element-0e9d981\" data-id=\"0e9d981\" data-element_type=\"column\">\n\t\t\t<div class=\"elementor-widget-wrap elementor-element-populated\">\n\t\t\t\t\t\t<div class=\"elementor-element elementor-element-fc1ae83 unicamp-icon-box-style-01 unicamp-graphic-position-top elementor-invisible elementor-widget elementor-widget-tm-icon-box\" data-id=\"fc1ae83\" data-element_type=\"widget\" data-settings=\"{&quot;_animation&quot;:&quot;unicampFadeInUp&quot;,&quot;_animation_delay&quot;:300}\" data-widget_type=\"tm-icon-box.default\">\n\t\t\t\t<div class=\"elementor-widget-container\">\n\t\t\t\t\t\t\t<a class=\"tm-icon-box unicamp-box has-link link-secret\" href=\"#\">\n\t\t<div class=\"unicamp-graphic-box icon-box-wrapper\">\n\t\t\t\n\t\t\t<div class=\"unicamp-graphic-content icon-box-content\">\n\t\t\t\t\t\t<div class=\"heading-wrap\">\n\t\t\t<h3 class=\"heading\">Principios<\/h3>\n\t\t\t\t\t<div class=\"heading-divider\"><\/div>\n\t\t\t\t<\/div>\n\t\t\n\t\t\t\t\t\t<div class=\"description-wrap\">\n\t\t\t<div class=\"description\">\n\t\t\t\tIgualdade e n\u00e3o descrimina\u00e7\u00e3o; \nValoriza\u00e7\u00e3o dos ideais da p\u00e1tria, ci\u00eancia e humanidade\nLiberdade de cria\u00e7\u00e3o cient\u00edfica, tecnol\u00f3gica, cultural e art\u00edstica;\nParticipa\u00e7\u00e3o no desenvolvimento cient\u00edfico, econ\u00f3mico e social do pa\u00eds, da regi\u00e3o e do mundo. \nLiga\u00e7\u00e3o a comunidade\n\t\t\t<\/div>\n\t\t<\/div>\n\t\t\n\t\t\t\t\t\t\t<\/div>\n\t\t<\/div>\n\n\t\t<\/a>\t\t\t\t\t\t<\/div>\n\t\t\t\t<\/div>\n\t\t\t\t\t<\/div>\n\t\t<\/div>\n\t\t\t\t<div class=\"elementor-column elementor-col-50 elementor-inner-column elementor-element elementor-element-c42f2b0\" data-id=\"c42f2b0\" data-element_type=\"column\">\n\t\t\t<div class=\"elementor-widget-wrap elementor-element-populated\">\n\t\t\t\t\t\t<div class=\"elementor-element elementor-element-caad57e unicamp-icon-box-style-01 unicamp-graphic-position-top elementor-invisible elementor-widget elementor-widget-tm-icon-box\" data-id=\"caad57e\" data-element_type=\"widget\" data-settings=\"{&quot;_animation&quot;:&quot;unicampFadeInUp&quot;,&quot;_animation_delay&quot;:300}\" data-widget_type=\"tm-icon-box.default\">\n\t\t\t\t<div class=\"elementor-widget-container\">\n\t\t\t\t\t\t\t<a class=\"tm-icon-box unicamp-box has-link link-secret\" href=\"#\">\n\t\t<div class=\"unicamp-graphic-box icon-box-wrapper\">\n\t\t\t\n\t\t\t<div class=\"unicamp-graphic-content icon-box-content\">\n\t\t\t\t\t\t<div class=\"heading-wrap\">\n\t\t\t<h3 class=\"heading\">Valores<\/h3>\n\t\t\t\t\t<div class=\"heading-divider\"><\/div>\n\t\t\t\t<\/div>\n\t\t\n\t\t\t\t\t\t<div class=\"description-wrap\">\n\t\t\t<div class=\"description\">\n\t\t\t\tO IMMMA adopta especialmente os seguintes valores: Excel\u00eancia, liberdade, autonomia, democracia, autonomia, justi\u00e7a e equidade e responsabilidade social.\nOrienta-se pelos princ\u00edpios gerais e pedag\u00f3gicos definidos pela Lei 23\/2014 de 23 de Setembro que aprova a Lei da Educa\u00e7\u00e3o Profissional.\n\t\t\t<\/div>\n\t\t<\/div>\n\t\t\n\t\t\t\t\t\t\t<\/div>\n\t\t<\/div>\n\n\t\t<\/a>\t\t\t\t\t\t<\/div>\n\t\t\t\t<\/div>\n\t\t\t\t\t<\/div>\n\t\t<\/div>\n\t\t\t\t\t<\/div>\n\t\t<\/section>\n\t\t\t\t\t<\/div>\n\t\t<\/div>\n\t\t\t\t\t<\/div>\n\t\t<\/section>\n\t\t\t\t<section class=\"elementor-section elementor-top-section elementor-element elementor-element-64b6765 elementor-section-boxed elementor-section-gap-beside-yes elementor-section-height-default elementor-section-height-default elementor-section-column-vertical-align-stretch\" data-id=\"64b6765\" data-element_type=\"section\">\n\t\t\t\t\t\t<div class=\"elementor-container elementor-column-gap-extended\">\n\t\t\t\t\t<div class=\"elementor-column elementor-col-100 elementor-top-column elementor-element elementor-element-bbb6379\" data-id=\"bbb6379\" data-element_type=\"column\">\n\t\t\t<div class=\"elementor-widget-wrap elementor-element-populated\">\n\t\t\t\t\t\t<div class=\"elementor-element elementor-element-bc6e7c6 elementor-invisible elementor-widget elementor-widget-tm-heading\" data-id=\"bc6e7c6\" data-element_type=\"widget\" data-settings=\"{&quot;_animation&quot;:&quot;unicampFadeInUp&quot;}\" data-widget_type=\"tm-heading.default\">\n\t\t\t\t<div class=\"elementor-widget-container\">\n\t\t\t\t\t\t\t<div class=\"tm-modern-heading\">\n\t\t\t\n\t\t\t\t\t<div class=\"heading-primary-wrap\">\n\t\t\t<h4 class=\"heading-primary elementor-heading-title\">Objectivos<\/h4>\t\t<\/div>\n\t\t\n\t\t\t\n\t\t\t\t\t<div class=\"heading-description-wrap\">\n\t\t\t<div class=\"heading-description\">\n\t\t\t\t<ul><li>A forma\u00e7\u00e3o de profissionais qualificados de diferentes \u00e1reas, privilegiando qualifica\u00e7\u00f5es que se ajustem e adequam \u00e0s realidades envolventes, assumindo-se como motor de desenvolvimento local, nomeadamente no \u00e2mbito das profiss\u00f5es ligadas ao ramo Comercial e de Servi\u00e7os.<\/li><li>A organiza\u00e7\u00e3o de cursos de curta dura\u00e7\u00e3o para p\u00fablico-alvo espec\u00edfico e de acordo com as solicita\u00e7\u00f5es pontuais a que for sujeito, podendo estes cursos assumir caracter\u00edsticas transnacionais que resultem de interc\u00e2mbios com institui\u00e7\u00f5es cong\u00e9neres.<\/li><li>A interliga\u00e7\u00e3o com o meio envolvente, criando com estas rela\u00e7\u00f5es sin\u00e9rgicas de m\u00fatuo benef\u00edcio.<\/li><li>A participa\u00e7\u00e3o junto de outras entidades que pela sua natureza institucional ou peso sectorial, possam assumir-se como interlocutores privilegiados que alarguem o universo de di\u00e1logo da institui\u00e7\u00e3o, valorizando, deste modo, o seu Projecto de desenvolvimento.<\/li><li>A celebra\u00e7\u00e3o de protocolos e acordos para colabora\u00e7\u00e3o institucional.<\/li><\/ul>\t\t\t<\/div>\n\t\t<\/div>\n\t\t\t<\/div>\n\t\t\t\t\t\t<\/div>\n\t\t\t\t<\/div>\n\t\t\t\t<div class=\"elementor-element elementor-element-70a06a4 elementor-widget elementor-widget-spacer\" data-id=\"70a06a4\" data-element_type=\"widget\" data-widget_type=\"spacer.default\">\n\t\t\t\t<div class=\"elementor-widget-container\">\n\t\t\t\t\t\t\t<div class=\"elementor-spacer\">\n\t\t\t<div class=\"elementor-spacer-inner\"><\/div>\n\t\t<\/div>\n\t\t\t\t\t\t<\/div>\n\t\t\t\t<\/div>\n\t\t\t\t\t<\/div>\n\t\t<\/div>\n\t\t\t\t\t<\/div>\n\t\t<\/section>\n\t\t\t\t<section class=\"elementor-section elementor-top-section elementor-element elementor-element-51dec95 elementor-section-full_width elementor-section-gap-beside-yes elementor-section-height-default elementor-section-height-default elementor-section-content-align-center elementor-section-column-vertical-align-stretch\" data-id=\"51dec95\" data-element_type=\"section\">\n\t\t\t\t\t\t<div class=\"elementor-container elementor-column-gap-extended\">\n\t\t\t\t\t<div class=\"elementor-column elementor-col-100 elementor-top-column elementor-element elementor-element-8c5d4ac\" data-id=\"8c5d4ac\" data-element_type=\"column\" data-settings=\"{&quot;background_background&quot;:&quot;classic&quot;}\">\n\t\t\t<div class=\"elementor-widget-wrap elementor-element-populated\">\n\t\t\t\t\t\t<div class=\"elementor-element elementor-element-efca586 elementor-absolute elementor-widget elementor-widget-text-editor\" data-id=\"efca586\" data-element_type=\"widget\" data-settings=\"{&quot;_position&quot;:&quot;absolute&quot;}\" data-widget_type=\"text-editor.default\">\n\t\t\t\t<div class=\"elementor-widget-container\">\n\t\t\t\t\t\t\t\t\t<p>GARANTE O TEU FUTURO<\/p><p>\u00a0<\/p>\t\t\t\t\t\t\t\t<\/div>\n\t\t\t\t<\/div>\n\t\t\t\t<div class=\"elementor-element elementor-element-4cd18c5 elementor-widget elementor-widget-text-editor\" data-id=\"4cd18c5\" data-element_type=\"widget\" data-widget_type=\"text-editor.default\">\n\t\t\t\t<div class=\"elementor-widget-container\">\n\t\t\t\t\t\t\t\t\t<p>COM UMA FORMA\u00c7\u00c3O S\u00d3LIDA<\/p>\t\t\t\t\t\t\t\t<\/div>\n\t\t\t\t<\/div>\n\t\t\t\t<div class=\"elementor-element elementor-element-2778870 elementor-align-center elementor-widget elementor-widget-tm-separator\" data-id=\"2778870\" data-element_type=\"widget\" data-widget_type=\"tm-separator.default\">\n\t\t\t\t<div class=\"elementor-widget-container\">\n\t\t\t\t\t\t\t<div class=\"tm-separator horizontal-line\">\n\t\t\t<div class=\"inner\"><\/div>\n\t\t<\/div>\n\t\t\t\t\t\t<\/div>\n\t\t\t\t<\/div>\n\t\t\t\t\t<\/div>\n\t\t<\/div>\n\t\t\t\t\t<\/div>\n\t\t<\/section>\n\t\t\t\t<\/div>\n\t\t","protected":false},"excerpt":{"rendered":"<p>IMMMA O Instituto M\u00e9dio Maria M\u00e3e de \u00c1frica \u2013 IMMMA \u00e9 uma pessoa colectiva de direito p\u00fablico, dotada de personalidade jur\u00eddica, e goza de autonomia cient\u00edfica, pedag\u00f3gica, administrativa e disciplinar. Assume-se como um espa\u00e7o de aprendizagem e forma\u00e7\u00e3o, onde a aquisi\u00e7\u00e3o de saberes se processa em simult\u00e2neo com o desenvolvimento de capacidades e atitudes adequadas ao perfil de um t\u00e9cnico m\u00e9dio Miss\u00e3o O Instituto M\u00e9dio Maria M\u00e3e de \u00c1frica tem a miss\u00e3o de qualificar profissionalmente o cidad\u00e3o como n\u00facleo de uma estrat\u00e9gia de desenvolvimento s\u00f3cio-econ\u00f3mico nacional que requer e repousa, em boa parte, na exist\u00eancia de uma m\u00e3o-de-obra competente e apta a evoluir nos mais variados contextos profissionais e laborais Vis\u00e3o \u00c1frica assume-se como um espa\u00e7o de aprendizagem e forma\u00e7\u00e3o, onde a aquisi\u00e7\u00e3o do saber se processa em simult\u00e2neo com o desenvolvimento de capacidades e atitudes adequadas ao perfil de um t\u00e9cnico m\u00e9dio capaz de responder \u00e0s necessidades da economia Mo\u00e7ambicana actualmente em fase de r\u00e1pido crescimento Principios Igualdade e n\u00e3o descrimina\u00e7\u00e3o; Valoriza\u00e7\u00e3o dos ideais da p\u00e1tria, ci\u00eancia e humanidade Liberdade de cria\u00e7\u00e3o cient\u00edfica, tecnol\u00f3gica, cultural e art\u00edstica; Participa\u00e7\u00e3o no desenvolvimento cient\u00edfico, econ\u00f3mico e social do pa\u00eds, da regi\u00e3o e do mundo. Liga\u00e7\u00e3o a comunidade Valores O IMMMA adopta especialmente os seguintes valores: Excel\u00eancia, liberdade, autonomia, democracia, autonomia, justi\u00e7a e equidade e responsabilidade social. Orienta-se pelos princ\u00edpios gerais e pedag\u00f3gicos definidos pela Lei 23\/2014 de 23 de Setembro que aprova a Lei da Educa\u00e7\u00e3o Profissional. Objectivos A forma\u00e7\u00e3o de profissionais qualificados de diferentes \u00e1reas, privilegiando qualifica\u00e7\u00f5es que se ajustem e adequam \u00e0s realidades envolventes, assumindo-se como motor de desenvolvimento local, nomeadamente no \u00e2mbito das profiss\u00f5es ligadas ao ramo Comercial e de Servi\u00e7os. A organiza\u00e7\u00e3o de cursos de curta dura\u00e7\u00e3o para p\u00fablico-alvo espec\u00edfico e de acordo com as solicita\u00e7\u00f5es pontuais a que for sujeito, podendo estes cursos assumir caracter\u00edsticas transnacionais que resultem de interc\u00e2mbios com institui\u00e7\u00f5es cong\u00e9neres. A interliga\u00e7\u00e3o com o meio envolvente, criando com estas rela\u00e7\u00f5es sin\u00e9rgicas de m\u00fatuo benef\u00edcio. A participa\u00e7\u00e3o junto de outras entidades que pela sua natureza institucional ou peso sectorial, possam assumir-se como interlocutores privilegiados que alarguem o universo de di\u00e1logo da institui\u00e7\u00e3o, valorizando, deste modo, o seu Projecto de desenvolvimento. A celebra\u00e7\u00e3o de protocolos e acordos para colabora\u00e7\u00e3o institucional. GARANTE O TEU FUTURO \u00a0 COM UMA FORMA\u00c7\u00c3O S\u00d3LIDA<\/p>\n","protected":false},"author":1,"featured_media":0,"parent":0,"menu_order":0,"comment_status":"closed","ping_status":"closed","template":"","meta":{"footnotes":""},"class_list":["post-4986","page","type-page","status-publish","hentry","post-no-thumbnail"],"_links":{"self":[{"href":"https:\/\/ismma.ac.mz\/site\/wp-json\/wp\/v2\/pages\/4986","targetHints":{"allow":["GET"]}}],"collection":[{"href":"https:\/\/ismma.ac.mz\/site\/wp-json\/wp\/v2\/pages"}],"about":[{"href":"https:\/\/ismma.ac.mz\/site\/wp-json\/wp\/v2\/types\/page"}],"author":[{"embeddable":true,"href":"https:\/\/ismma.ac.mz\/site\/wp-json\/wp\/v2\/users\/1"}],"replies":[{"embeddable":true,"href":"https:\/\/ismma.ac.mz\/site\/wp-json\/wp\/v2\/comments?post=4986"}],"version-history":[{"count":72,"href":"https:\/\/ismma.ac.mz\/site\/wp-json\/wp\/v2\/pages\/4986\/revisions"}],"predecessor-version":[{"id":5256,"href":"https:\/\/ismma.ac.mz\/site\/wp-json\/wp\/v2\/pages\/4986\/revisions\/5256"}],"wp:attachment":[{"href":"https:\/\/ismma.ac.mz\/site\/wp-json\/wp\/v2\/media?parent=4986"}],"curies":[{"name":"wp","href":"https:\/\/api.w.org\/{rel}","templated":true}]}}