{"id":3987,"date":"2022-06-10T12:59:25","date_gmt":"2022-06-10T10:59:25","guid":{"rendered":"https:\/\/ismma.ac.mz\/site\/?page_id=3987"},"modified":"2022-07-20T10:24:59","modified_gmt":"2022-07-20T08:24:59","slug":"historia","status":"publish","type":"page","link":"https:\/\/ismma.ac.mz\/site\/historia\/","title":{"rendered":"Hist\u00f3ria"},"content":{"rendered":"\t\t<div data-elementor-type=\"wp-page\" data-elementor-id=\"3987\" class=\"elementor elementor-3987\">\n\t\t\t\t\t\t<section class=\"elementor-section elementor-top-section elementor-element elementor-element-52ccd36 elementor-section-boxed elementor-section-gap-beside-yes elementor-section-height-default elementor-section-height-default elementor-section-column-vertical-align-stretch\" data-id=\"52ccd36\" data-element_type=\"section\" data-settings=\"{&quot;background_background&quot;:&quot;classic&quot;}\">\n\t\t\t\t\t\t<div class=\"elementor-container elementor-column-gap-default\">\n\t\t\t\t\t<div class=\"elementor-column elementor-col-100 elementor-top-column elementor-element elementor-element-db30c97\" data-id=\"db30c97\" data-element_type=\"column\">\n\t\t\t<div class=\"elementor-widget-wrap elementor-element-populated\">\n\t\t\t\t\t\t<div class=\"elementor-element elementor-element-9ba926f elementor-widget elementor-widget-heading\" data-id=\"9ba926f\" data-element_type=\"widget\" data-widget_type=\"heading.default\">\n\t\t\t\t<div class=\"elementor-widget-container\">\n\t\t\t\t\t<h3 class=\"elementor-heading-title elementor-size-default\">Historia<\/h3>\t\t\t\t<\/div>\n\t\t\t\t<\/div>\n\t\t\t\t<div class=\"elementor-element elementor-element-38e578f elementor-widget elementor-widget-text-editor\" data-id=\"38e578f\" data-element_type=\"widget\" data-widget_type=\"text-editor.default\">\n\t\t\t\t<div class=\"elementor-widget-container\">\n\t\t\t\t\t\t\t\t\t<p>O Instituto Superior Maria M\u00e3e de \u00c1frica (ISMMA) \u00e9 uma Institui\u00e7\u00e3o Acad\u00eamica de n\u00edvel superior, privada, cuja idoneidade \u00e9 reconhecida pela Confer\u00eancia Episcopal de Mo\u00e7ambique (CEM) e pertence \u00e0 Confer\u00eancia dos Institutos Religiosos de Mo\u00e7ambique (CIRMO).<\/p>\t\t\t\t\t\t\t\t<\/div>\n\t\t\t\t<\/div>\n\t\t\t\t<div class=\"elementor-element elementor-element-397f193 elementor-arrows-position-inside elementor-pagination-position-outside elementor-widget elementor-widget-image-carousel\" data-id=\"397f193\" data-element_type=\"widget\" data-settings=\"{&quot;slides_to_show&quot;:&quot;4&quot;,&quot;image_spacing_custom&quot;:{&quot;unit&quot;:&quot;px&quot;,&quot;size&quot;:0,&quot;sizes&quot;:[]},&quot;navigation&quot;:&quot;both&quot;,&quot;autoplay&quot;:&quot;yes&quot;,&quot;pause_on_hover&quot;:&quot;yes&quot;,&quot;pause_on_interaction&quot;:&quot;yes&quot;,&quot;autoplay_speed&quot;:5000,&quot;infinite&quot;:&quot;yes&quot;,&quot;speed&quot;:500,&quot;image_spacing_custom_tablet&quot;:{&quot;unit&quot;:&quot;px&quot;,&quot;size&quot;:&quot;&quot;,&quot;sizes&quot;:[]},&quot;image_spacing_custom_mobile&quot;:{&quot;unit&quot;:&quot;px&quot;,&quot;size&quot;:&quot;&quot;,&quot;sizes&quot;:[]}}\" data-widget_type=\"image-carousel.default\">\n\t\t\t\t<div class=\"elementor-widget-container\">\n\t\t\t\t\t\t\t<div class=\"elementor-image-carousel-wrapper swiper\" role=\"region\" aria-roledescription=\"carousel\" aria-label=\"Carrossel de imagens\" dir=\"ltr\">\n\t\t\t<div class=\"elementor-image-carousel swiper-wrapper\" aria-live=\"off\">\n\t\t\t\t\t\t\t\t<div class=\"swiper-slide\" role=\"group\" aria-roledescription=\"slide\" aria-label=\"1 of 6\"><figure class=\"swiper-slide-inner\"><img decoding=\"async\" class=\"swiper-slide-image\" src=\"https:\/\/ismma.ac.mz\/site\/wp-content\/uploads\/2022\/06\/IMG_1413-300x200.jpg\" alt=\"IMG_1413\" \/><\/figure><\/div><div class=\"swiper-slide\" role=\"group\" aria-roledescription=\"slide\" aria-label=\"2 of 6\"><figure class=\"swiper-slide-inner\"><img decoding=\"async\" class=\"swiper-slide-image\" src=\"https:\/\/ismma.ac.mz\/site\/wp-content\/uploads\/2022\/06\/IMG_1705-300x200.jpg\" alt=\"IMG_1705\" \/><\/figure><\/div><div class=\"swiper-slide\" role=\"group\" aria-roledescription=\"slide\" aria-label=\"3 of 6\"><figure class=\"swiper-slide-inner\"><img decoding=\"async\" class=\"swiper-slide-image\" src=\"https:\/\/ismma.ac.mz\/site\/wp-content\/uploads\/2022\/06\/IMG_2232-300x200.jpg\" alt=\"IMG_2232\" \/><\/figure><\/div><div class=\"swiper-slide\" role=\"group\" aria-roledescription=\"slide\" aria-label=\"4 of 6\"><figure class=\"swiper-slide-inner\"><img decoding=\"async\" class=\"swiper-slide-image\" src=\"https:\/\/ismma.ac.mz\/site\/wp-content\/uploads\/2022\/05\/bg-2-1-300x200.jpg\" alt=\"bg-2-1\" \/><\/figure><\/div><div class=\"swiper-slide\" role=\"group\" aria-roledescription=\"slide\" aria-label=\"5 of 6\"><figure class=\"swiper-slide-inner\"><img decoding=\"async\" class=\"swiper-slide-image\" src=\"https:\/\/ismma.ac.mz\/site\/wp-content\/uploads\/2022\/06\/IMG_3225-300x200.jpg\" alt=\"IMG_3225\" \/><\/figure><\/div><div class=\"swiper-slide\" role=\"group\" aria-roledescription=\"slide\" aria-label=\"6 of 6\"><figure class=\"swiper-slide-inner\"><img decoding=\"async\" class=\"swiper-slide-image\" src=\"https:\/\/ismma.ac.mz\/site\/wp-content\/uploads\/2022\/05\/bg-2-300x200.jpg\" alt=\"bg-2\" \/><\/figure><\/div>\t\t\t<\/div>\n\t\t\t\t\t\t\t\t\t\t\t\t<div class=\"elementor-swiper-button elementor-swiper-button-prev\" role=\"button\" tabindex=\"0\">\n\t\t\t\t\t\t<i aria-hidden=\"true\" class=\"eicon-chevron-left\"><\/i>\t\t\t\t\t<\/div>\n\t\t\t\t\t<div class=\"elementor-swiper-button elementor-swiper-button-next\" role=\"button\" tabindex=\"0\">\n\t\t\t\t\t\t<i aria-hidden=\"true\" class=\"eicon-chevron-right\"><\/i>\t\t\t\t\t<\/div>\n\t\t\t\t\n\t\t\t\t\t\t\t\t\t<div class=\"swiper-pagination\"><\/div>\n\t\t\t\t\t\t\t\t\t<\/div>\n\t\t\t\t\t\t<\/div>\n\t\t\t\t<\/div>\n\t\t\t\t<div class=\"elementor-element elementor-element-2a43e25 elementor-widget-divider--view-line_text elementor-widget-divider--element-align-center elementor-widget elementor-widget-divider\" data-id=\"2a43e25\" data-element_type=\"widget\" data-widget_type=\"divider.default\">\n\t\t\t\t<div class=\"elementor-widget-container\">\n\t\t\t\t\t\t\t<div class=\"elementor-divider\">\n\t\t\t<span class=\"elementor-divider-separator\">\n\t\t\t\t\t\t<\/span>\n\t\t<\/div>\n\t\t\t\t\t\t<\/div>\n\t\t\t\t<\/div>\n\t\t\t\t<div class=\"elementor-element elementor-element-4d4126b elementor-widget elementor-widget-text-editor\" data-id=\"4d4126b\" data-element_type=\"widget\" data-widget_type=\"text-editor.default\">\n\t\t\t\t<div class=\"elementor-widget-container\">\n\t\t\t\t\t\t\t\t\t<p>O ISMMA foi fundado a 16 de Julho de 1995 pela CIRM- CONFEREMO em Maputo com apoio e b\u00ean\u00e7\u00e3o do Cardeal Dom Alexandre Maria dos Santos. Tem a sua sede em Maputo. No in\u00edcio, o ISMMA estava associado \u00e0 Universidade Cat\u00f3lica de Mo\u00e7ambique, atrav\u00e9s da Faculdade de Educa\u00e7\u00e3o e Comunica\u00e7\u00e3o, pelo acordo de 21\/11\/98 e pela Faculdade de Teologia da Pontif\u00edcia Universidade Urbaniana (PUU) de Roma, conforme a Conven\u00e7\u00e3o e as Normas para fins de patroc\u00ednio, assinadas pelo Ordin\u00e1rio do lugar e o Magn\u00edfico Reitor da Pontif\u00edcia Universidade Urbaniana, a 19 de Novembro de 2002 (Est. art.1.4).<\/p>\t\t\t\t\t\t\t\t<\/div>\n\t\t\t\t<\/div>\n\t\t\t\t<div class=\"elementor-element elementor-element-11d59ae elementor-widget-divider--view-line_text elementor-widget-divider--element-align-center elementor-widget elementor-widget-divider\" data-id=\"11d59ae\" data-element_type=\"widget\" data-widget_type=\"divider.default\">\n\t\t\t\t<div class=\"elementor-widget-container\">\n\t\t\t\t\t\t\t<div class=\"elementor-divider\">\n\t\t\t<span class=\"elementor-divider-separator\">\n\t\t\t\t\t\t<\/span>\n\t\t<\/div>\n\t\t\t\t\t\t<\/div>\n\t\t\t\t<\/div>\n\t\t\t\t<div class=\"elementor-element elementor-element-ff5cdf4 elementor-widget elementor-widget-text-editor\" data-id=\"ff5cdf4\" data-element_type=\"widget\" data-widget_type=\"text-editor.default\">\n\t\t\t\t<div class=\"elementor-widget-container\">\n\t\t\t\t\t\t\t\t\t<p>Trata-se de uma Institui\u00e7\u00e3o que pretende contribuir para a constru\u00e7\u00e3o de uma sociedade mais, justa e mais humana, que respeita os Direitos fundamentais da pessoa, a partir da<br \/>apreens\u00e3o, assimila\u00e7\u00e3o e interioriza\u00e7\u00e3o dos valores e das normas \u00e9ticas, que s\u00e3o princ\u00edpios e<br \/>guias de ac\u00e7\u00e3o.<\/p>\t\t\t\t\t\t\t\t<\/div>\n\t\t\t\t<\/div>\n\t\t\t\t\t<\/div>\n\t\t<\/div>\n\t\t\t\t\t<\/div>\n\t\t<\/section>\n\t\t\t\t<section class=\"elementor-section elementor-top-section elementor-element elementor-element-0359128 elementor-section-full_width elementor-section-gap-beside-yes elementor-section-height-default elementor-section-height-default elementor-section-content-align-center elementor-section-column-vertical-align-stretch\" data-id=\"0359128\" data-element_type=\"section\">\n\t\t\t\t\t\t<div class=\"elementor-container elementor-column-gap-extended\">\n\t\t\t\t\t<div class=\"elementor-column elementor-col-100 elementor-top-column elementor-element elementor-element-c6c9e19\" data-id=\"c6c9e19\" data-element_type=\"column\" data-settings=\"{&quot;background_background&quot;:&quot;classic&quot;}\">\n\t\t\t<div class=\"elementor-widget-wrap elementor-element-populated\">\n\t\t\t\t\t\t<div class=\"elementor-element elementor-element-ba836ef elementor-absolute elementor-widget elementor-widget-text-editor\" data-id=\"ba836ef\" data-element_type=\"widget\" data-settings=\"{&quot;_position&quot;:&quot;absolute&quot;}\" data-widget_type=\"text-editor.default\">\n\t\t\t\t<div class=\"elementor-widget-container\">\n\t\t\t\t\t\t\t\t\t<p>GARANTE O TEU FUTURO<\/p><p>\u00a0<\/p>\t\t\t\t\t\t\t\t<\/div>\n\t\t\t\t<\/div>\n\t\t\t\t<div class=\"elementor-element elementor-element-2832eca elementor-widget elementor-widget-text-editor\" data-id=\"2832eca\" data-element_type=\"widget\" data-widget_type=\"text-editor.default\">\n\t\t\t\t<div class=\"elementor-widget-container\">\n\t\t\t\t\t\t\t\t\t<p>COM UMA FORMA\u00c7\u00c3O S\u00d3LIDA<\/p>\t\t\t\t\t\t\t\t<\/div>\n\t\t\t\t<\/div>\n\t\t\t\t<div class=\"elementor-element elementor-element-33c8754 elementor-align-center elementor-widget elementor-widget-tm-separator\" data-id=\"33c8754\" data-element_type=\"widget\" data-widget_type=\"tm-separator.default\">\n\t\t\t\t<div class=\"elementor-widget-container\">\n\t\t\t\t\t\t\t<div class=\"tm-separator horizontal-line\">\n\t\t\t<div class=\"inner\"><\/div>\n\t\t<\/div>\n\t\t\t\t\t\t<\/div>\n\t\t\t\t<\/div>\n\t\t\t\t\t<\/div>\n\t\t<\/div>\n\t\t\t\t\t<\/div>\n\t\t<\/section>\n\t\t\t\t<\/div>\n\t\t","protected":false},"excerpt":{"rendered":"<p>Historia O Instituto Superior Maria M\u00e3e de \u00c1frica (ISMMA) \u00e9 uma Institui\u00e7\u00e3o Acad\u00eamica de n\u00edvel superior, privada, cuja idoneidade \u00e9 reconhecida pela Confer\u00eancia Episcopal de Mo\u00e7ambique (CEM) e pertence \u00e0 Confer\u00eancia dos Institutos Religiosos de Mo\u00e7ambique (CIRMO). Previous Next O ISMMA foi fundado a 16 de Julho de 1995 pela CIRM- CONFEREMO em Maputo com apoio e b\u00ean\u00e7\u00e3o do Cardeal Dom Alexandre Maria dos Santos. Tem a sua sede em Maputo. No in\u00edcio, o ISMMA estava associado \u00e0 Universidade Cat\u00f3lica de Mo\u00e7ambique, atrav\u00e9s da Faculdade de Educa\u00e7\u00e3o e Comunica\u00e7\u00e3o, pelo acordo de 21\/11\/98 e pela Faculdade de Teologia da Pontif\u00edcia Universidade Urbaniana (PUU) de Roma, conforme a Conven\u00e7\u00e3o e as Normas para fins de patroc\u00ednio, assinadas pelo Ordin\u00e1rio do lugar e o Magn\u00edfico Reitor da Pontif\u00edcia Universidade Urbaniana, a 19 de Novembro de 2002 (Est. art.1.4). Trata-se de uma Institui\u00e7\u00e3o que pretende contribuir para a constru\u00e7\u00e3o de uma sociedade mais, justa e mais humana, que respeita os Direitos fundamentais da pessoa, a partir daapreens\u00e3o, assimila\u00e7\u00e3o e interioriza\u00e7\u00e3o dos valores e das normas \u00e9ticas, que s\u00e3o princ\u00edpios eguias de ac\u00e7\u00e3o. GARANTE O TEU FUTURO \u00a0 COM UMA FORMA\u00c7\u00c3O S\u00d3LIDA<\/p>\n","protected":false},"author":1,"featured_media":0,"parent":0,"menu_order":0,"comment_status":"closed","ping_status":"closed","template":"","meta":{"footnotes":""},"class_list":["post-3987","page","type-page","status-publish","hentry","post-no-thumbnail"],"_links":{"self":[{"href":"https:\/\/ismma.ac.mz\/site\/wp-json\/wp\/v2\/pages\/3987","targetHints":{"allow":["GET"]}}],"collection":[{"href":"https:\/\/ismma.ac.mz\/site\/wp-json\/wp\/v2\/pages"}],"about":[{"href":"https:\/\/ismma.ac.mz\/site\/wp-json\/wp\/v2\/types\/page"}],"author":[{"embeddable":true,"href":"https:\/\/ismma.ac.mz\/site\/wp-json\/wp\/v2\/users\/1"}],"replies":[{"embeddable":true,"href":"https:\/\/ismma.ac.mz\/site\/wp-json\/wp\/v2\/comments?post=3987"}],"version-history":[{"count":0,"href":"https:\/\/ismma.ac.mz\/site\/wp-json\/wp\/v2\/pages\/3987\/revisions"}],"wp:attachment":[{"href":"https:\/\/ismma.ac.mz\/site\/wp-json\/wp\/v2\/media?parent=3987"}],"curies":[{"name":"wp","href":"https:\/\/api.w.org\/{rel}","templated":true}]}}