{"id":3984,"date":"2022-06-10T12:59:00","date_gmt":"2022-06-10T10:59:00","guid":{"rendered":"https:\/\/ismma.ac.mz\/site\/?page_id=3984"},"modified":"2024-11-13T22:23:08","modified_gmt":"2024-11-13T20:23:08","slug":"missao-visao-e-objectivos","status":"publish","type":"page","link":"https:\/\/ismma.ac.mz\/site\/missao-visao-e-objectivos\/","title":{"rendered":"Miss\u00e3o, Vis\u00e3o e Objectivos"},"content":{"rendered":"\t\t<div data-elementor-type=\"wp-page\" data-elementor-id=\"3984\" class=\"elementor elementor-3984\">\n\t\t\t\t\t\t<section class=\"elementor-section elementor-top-section elementor-element elementor-element-4f9c8dd elementor-section-boxed elementor-section-gap-beside-yes elementor-section-height-default elementor-section-height-default elementor-section-column-vertical-align-stretch\" data-id=\"4f9c8dd\" data-element_type=\"section\">\n\t\t\t\t\t\t<div class=\"elementor-container elementor-column-gap-extended\">\n\t\t\t\t\t<div class=\"elementor-column elementor-col-100 elementor-top-column elementor-element elementor-element-225a8bc\" data-id=\"225a8bc\" data-element_type=\"column\" data-settings=\"{&quot;background_background&quot;:&quot;classic&quot;}\">\n\t\t\t<div class=\"elementor-widget-wrap elementor-element-populated\">\n\t\t\t\t\t\t<section class=\"elementor-section elementor-inner-section elementor-element elementor-element-31818c5 elementor-section-boxed elementor-section-gap-beside-yes elementor-section-height-default elementor-section-height-default elementor-section-column-vertical-align-stretch\" data-id=\"31818c5\" data-element_type=\"section\">\n\t\t\t\t\t\t<div class=\"elementor-container elementor-column-gap-extended\">\n\t\t\t\t\t<div class=\"elementor-column elementor-col-50 elementor-inner-column elementor-element elementor-element-29d13be\" data-id=\"29d13be\" data-element_type=\"column\" data-settings=\"{&quot;background_background&quot;:&quot;classic&quot;}\">\n\t\t\t<div class=\"elementor-widget-wrap elementor-element-populated\">\n\t\t\t\t\t\t<div class=\"elementor-element elementor-element-3dbad5a elementor-widget elementor-widget-image\" data-id=\"3dbad5a\" data-element_type=\"widget\" data-widget_type=\"image.default\">\n\t\t\t\t<div class=\"elementor-widget-container\">\n\t\t\t\t\t\t\t\t\t\t\t\t\t\t\t<img decoding=\"async\" width=\"150\" height=\"150\" src=\"https:\/\/ismma.ac.mz\/site\/wp-content\/uploads\/2022\/07\/ayrton-contabilidade-missao-150x150.png\" class=\"attachment-thumbnail size-thumbnail wp-image-4797\" alt=\"\" srcset=\"https:\/\/ismma.ac.mz\/site\/wp-content\/uploads\/2022\/07\/ayrton-contabilidade-missao-150x150.png 150w, https:\/\/ismma.ac.mz\/site\/wp-content\/uploads\/2022\/07\/ayrton-contabilidade-missao-300x300.png 300w, https:\/\/ismma.ac.mz\/site\/wp-content\/uploads\/2022\/07\/ayrton-contabilidade-missao.png 512w\" sizes=\"(max-width: 150px) 100vw, 150px\" \/>\t\t\t\t\t\t\t\t\t\t\t\t\t\t\t<\/div>\n\t\t\t\t<\/div>\n\t\t\t\t<div class=\"elementor-element elementor-element-270c908 unicamp-icon-box-style-04 unicamp-graphic-position-top elementor-invisible elementor-widget elementor-widget-tm-icon-box\" data-id=\"270c908\" data-element_type=\"widget\" data-settings=\"{&quot;_animation&quot;:&quot;unicampFadeInUp&quot;}\" data-widget_type=\"tm-icon-box.default\">\n\t\t\t\t<div class=\"elementor-widget-container\">\n\t\t\t\t\t\t\t<div class=\"tm-icon-box unicamp-box has-link\">\n\t\t<div class=\"unicamp-graphic-box icon-box-wrapper\">\n\t\t\t\n\t\t\t<div class=\"unicamp-graphic-content icon-box-content\">\n\t\t\t\t\t\t<div class=\"heading-wrap\">\n\t\t\t<h3 class=\"heading\">Miss\u00e3o<\/h3>\n\t\t\t\t\t<div class=\"heading-divider\"><\/div>\n\t\t\t\t<\/div>\n\t\t\n\t\t\t\t\t\t<div class=\"description-wrap\">\n\t\t\t<div class=\"description\">\n\t\t\t\tOferecer uma forma\u00e7\u00e3o integral e de excel\u00eancia acad\u00e9mica pelo Ensino, Investiga\u00e7\u00e3o e Extens\u00e3o, apoiada nas Tecnologias de Informa\u00e7\u00e3o e Comunica\u00e7\u00e3o no  dominio das Ciencias Sociais, Jornalismo e Informa\u00e7\u00e3o, para a constru\u00e7\u00e3o de uma sociedade justa e eticamente respons\u00e1vel.\t\t\t<\/div>\n\t\t<\/div>\n\t\t\n\t\t\t\t\t\t\t<\/div>\n\t\t<\/div>\n\n\t\t<\/div>\t\t\t\t\t\t<\/div>\n\t\t\t\t<\/div>\n\t\t\t\t\t<\/div>\n\t\t<\/div>\n\t\t\t\t<div class=\"elementor-column elementor-col-50 elementor-inner-column elementor-element elementor-element-7b5c8ac\" data-id=\"7b5c8ac\" data-element_type=\"column\" data-settings=\"{&quot;background_background&quot;:&quot;classic&quot;}\">\n\t\t\t<div class=\"elementor-widget-wrap elementor-element-populated\">\n\t\t\t\t\t\t<div class=\"elementor-element elementor-element-8e462e0 elementor-widget elementor-widget-image\" data-id=\"8e462e0\" data-element_type=\"widget\" data-widget_type=\"image.default\">\n\t\t\t\t<div class=\"elementor-widget-container\">\n\t\t\t\t\t\t\t\t\t\t\t\t\t\t\t<img decoding=\"async\" width=\"150\" height=\"150\" src=\"https:\/\/ismma.ac.mz\/site\/wp-content\/uploads\/2022\/07\/visao-1-1-150x150.png\" class=\"attachment-thumbnail size-thumbnail wp-image-4792\" alt=\"\" srcset=\"https:\/\/ismma.ac.mz\/site\/wp-content\/uploads\/2022\/07\/visao-1-1-150x150.png 150w, https:\/\/ismma.ac.mz\/site\/wp-content\/uploads\/2022\/07\/visao-1-1-300x300.png 300w, https:\/\/ismma.ac.mz\/site\/wp-content\/uploads\/2022\/07\/visao-1-1.png 512w\" sizes=\"(max-width: 150px) 100vw, 150px\" \/>\t\t\t\t\t\t\t\t\t\t\t\t\t\t\t<\/div>\n\t\t\t\t<\/div>\n\t\t\t\t<div class=\"elementor-element elementor-element-71267ad unicamp-icon-box-style-04 unicamp-graphic-position-top elementor-invisible elementor-widget elementor-widget-tm-icon-box\" data-id=\"71267ad\" data-element_type=\"widget\" data-settings=\"{&quot;_animation&quot;:&quot;unicampFadeInUp&quot;}\" data-widget_type=\"tm-icon-box.default\">\n\t\t\t\t<div class=\"elementor-widget-container\">\n\t\t\t\t\t\t\t<div class=\"tm-icon-box unicamp-box has-link\">\n\t\t<div class=\"unicamp-graphic-box icon-box-wrapper\">\n\t\t\t\n\t\t\t<div class=\"unicamp-graphic-content icon-box-content\">\n\t\t\t\t\t\t<div class=\"heading-wrap\">\n\t\t\t<h3 class=\"heading\">Vis\u00e3o<\/h3>\n\t\t\t\t\t<div class=\"heading-divider\"><\/div>\n\t\t\t\t<\/div>\n\t\t\n\t\t\t\t\t\t<div class=\"description-wrap\">\n\t\t\t<div class=\"description\">\n\t\t\t\tSer uma institui\u00e7\u00e3o de refer\u00eancia em excel\u00eancia acad\u00e9mica alicer\u00e7ada nos princ\u00edpios \u00e9ticos e da doutrina social.\t\t\t<\/div>\n\t\t<\/div>\n\t\t\n\t\t\t\t\t\t\t<\/div>\n\t\t<\/div>\n\n\t\t<\/div>\t\t\t\t\t\t<\/div>\n\t\t\t\t<\/div>\n\t\t\t\t\t<\/div>\n\t\t<\/div>\n\t\t\t\t\t<\/div>\n\t\t<\/section>\n\t\t\t\t\t<\/div>\n\t\t<\/div>\n\t\t\t\t\t<\/div>\n\t\t<\/section>\n\t\t\t\t<section class=\"elementor-section elementor-top-section elementor-element elementor-element-8ff18cd elementor-section-boxed elementor-section-gap-beside-yes elementor-section-height-default elementor-section-height-default elementor-section-column-vertical-align-stretch\" data-id=\"8ff18cd\" data-element_type=\"section\" data-settings=\"{&quot;background_background&quot;:&quot;gradient&quot;}\">\n\t\t\t\t\t\t<div class=\"elementor-container elementor-column-gap-extended\">\n\t\t\t\t\t<div class=\"elementor-column elementor-col-100 elementor-top-column elementor-element elementor-element-9d94e8f\" data-id=\"9d94e8f\" data-element_type=\"column\">\n\t\t\t<div class=\"elementor-widget-wrap elementor-element-populated\">\n\t\t\t\t\t\t<div class=\"elementor-element elementor-element-12e8b10 elementor-widget elementor-widget-image\" data-id=\"12e8b10\" data-element_type=\"widget\" data-widget_type=\"image.default\">\n\t\t\t\t<div class=\"elementor-widget-container\">\n\t\t\t\t\t\t\t\t\t\t\t\t\t\t\t<img fetchpriority=\"high\" decoding=\"async\" width=\"512\" height=\"512\" src=\"https:\/\/ismma.ac.mz\/site\/wp-content\/uploads\/2022\/07\/icone-cible-jaune.png\" class=\"attachment-medium_large size-medium_large wp-image-4798\" alt=\"\" srcset=\"https:\/\/ismma.ac.mz\/site\/wp-content\/uploads\/2022\/07\/icone-cible-jaune.png 512w, https:\/\/ismma.ac.mz\/site\/wp-content\/uploads\/2022\/07\/icone-cible-jaune-300x300.png 300w, https:\/\/ismma.ac.mz\/site\/wp-content\/uploads\/2022\/07\/icone-cible-jaune-150x150.png 150w\" sizes=\"(max-width: 512px) 100vw, 512px\" \/>\t\t\t\t\t\t\t\t\t\t\t\t\t\t\t<\/div>\n\t\t\t\t<\/div>\n\t\t\t\t<div class=\"elementor-element elementor-element-09d6852 unicamp-icon-box-style-04 unicamp-graphic-position-top elementor-invisible elementor-widget elementor-widget-tm-icon-box\" data-id=\"09d6852\" data-element_type=\"widget\" data-settings=\"{&quot;_animation&quot;:&quot;unicampFadeInUp&quot;}\" data-widget_type=\"tm-icon-box.default\">\n\t\t\t\t<div class=\"elementor-widget-container\">\n\t\t\t\t\t\t\t<div class=\"tm-icon-box unicamp-box has-link\">\n\t\t<div class=\"unicamp-graphic-box icon-box-wrapper\">\n\t\t\t\n\t\t\t<div class=\"unicamp-graphic-content icon-box-content\">\n\t\t\t\t\t\t<div class=\"heading-wrap\">\n\t\t\t<h3 class=\"heading\">Objectivos<\/h3>\n\t\t\t\t\t<div class=\"heading-divider\"><\/div>\n\t\t\t\t<\/div>\n\t\t\n\t\t\t\t\n\t\t\t\t\t\t\t<\/div>\n\t\t<\/div>\n\n\t\t<\/div>\t\t\t\t\t\t<\/div>\n\t\t\t\t<\/div>\n\t\t\t\t<div class=\"elementor-element elementor-element-0c3ca14 elementor-widget elementor-widget-text-editor\" data-id=\"0c3ca14\" data-element_type=\"widget\" data-widget_type=\"text-editor.default\">\n\t\t\t\t<div class=\"elementor-widget-container\">\n\t\t\t\t\t\t\t\t\t<ul><li>Elaborar programas de pesquisa e estudo que forne\u00e7am subs\u00eddios para a solu\u00e7\u00e3o dos problemas regionais e locais das comunidades;<\/li><li>Desenvolver uma investiga\u00e7\u00e3o orientada para os problemas e desafios que a actual sociedade apresenta no campo educativo, mas com especial aten\u00e7\u00e3o para os problemas sociais que a caracterizam;<\/li><li>Formar profissionais habilitados no desempenho de suas fun\u00e7\u00f5es de forma eficiente, criativa, din\u00e2mica e proativa; mas, acima de tudo, enaltecendo sempre a qualidade \u00e9tica nas suas interven\u00e7\u00f5es;<\/li><li>Desenvolver interc\u00e2mbio e coopera\u00e7\u00e3o com outras institui\u00e7\u00f5es cient\u00edficas, de forma\u00e7\u00e3o superior, culturais, nacionais e estrangeiras, tendo em vista o incremento das ci\u00eancias, das letras e das artes;<\/li><li>Formar Educadores convictos do valor da pessoa, dispostos a defender os seus direitos e capazes de se envolver na sublime tarefa de elevar a dignidade humana acompanhando os outros no seu processo de crescimento;<\/li><li>Produzir diferentes tipos publica\u00e7\u00f5es de interesse cultural e cient\u00edfico, fruto dos trabalhos de investiga\u00e7\u00e3o.<\/li><\/ul>\t\t\t\t\t\t\t\t<\/div>\n\t\t\t\t<\/div>\n\t\t\t\t\t<\/div>\n\t\t<\/div>\n\t\t\t\t\t<\/div>\n\t\t<\/section>\n\t\t\t\t<section class=\"elementor-section elementor-top-section elementor-element elementor-element-67263a5 elementor-section-full_width elementor-section-gap-beside-yes elementor-section-height-default elementor-section-height-default elementor-section-content-align-center elementor-section-column-vertical-align-stretch\" data-id=\"67263a5\" data-element_type=\"section\">\n\t\t\t\t\t\t<div class=\"elementor-container elementor-column-gap-extended\">\n\t\t\t\t\t<div class=\"elementor-column elementor-col-100 elementor-top-column elementor-element elementor-element-4b31586\" data-id=\"4b31586\" data-element_type=\"column\" data-settings=\"{&quot;background_background&quot;:&quot;classic&quot;}\">\n\t\t\t<div class=\"elementor-widget-wrap elementor-element-populated\">\n\t\t\t\t\t\t<div class=\"elementor-element elementor-element-2f25fe0 elementor-absolute elementor-widget elementor-widget-text-editor\" data-id=\"2f25fe0\" data-element_type=\"widget\" data-settings=\"{&quot;_position&quot;:&quot;absolute&quot;}\" data-widget_type=\"text-editor.default\">\n\t\t\t\t<div class=\"elementor-widget-container\">\n\t\t\t\t\t\t\t\t\t<p>GARANTE O TEU FUTURO<\/p><p>\u00a0<\/p>\t\t\t\t\t\t\t\t<\/div>\n\t\t\t\t<\/div>\n\t\t\t\t<div class=\"elementor-element elementor-element-9dbcd9f elementor-widget elementor-widget-text-editor\" data-id=\"9dbcd9f\" data-element_type=\"widget\" data-widget_type=\"text-editor.default\">\n\t\t\t\t<div class=\"elementor-widget-container\">\n\t\t\t\t\t\t\t\t\t<p>COM UMA FORMA\u00c7\u00c3O S\u00d3LIDA<\/p>\t\t\t\t\t\t\t\t<\/div>\n\t\t\t\t<\/div>\n\t\t\t\t<div class=\"elementor-element elementor-element-65eb05a elementor-align-center elementor-widget elementor-widget-tm-separator\" data-id=\"65eb05a\" data-element_type=\"widget\" data-widget_type=\"tm-separator.default\">\n\t\t\t\t<div class=\"elementor-widget-container\">\n\t\t\t\t\t\t\t<div class=\"tm-separator horizontal-line\">\n\t\t\t<div class=\"inner\"><\/div>\n\t\t<\/div>\n\t\t\t\t\t\t<\/div>\n\t\t\t\t<\/div>\n\t\t\t\t\t<\/div>\n\t\t<\/div>\n\t\t\t\t\t<\/div>\n\t\t<\/section>\n\t\t\t\t<\/div>\n\t\t","protected":false},"excerpt":{"rendered":"<p>Miss\u00e3o Oferecer uma forma\u00e7\u00e3o integral e de excel\u00eancia acad\u00e9mica pelo Ensino, Investiga\u00e7\u00e3o e Extens\u00e3o, apoiada nas Tecnologias de Informa\u00e7\u00e3o e Comunica\u00e7\u00e3o no dominio das Ciencias Sociais, Jornalismo e Informa\u00e7\u00e3o, para a constru\u00e7\u00e3o de uma sociedade justa e eticamente respons\u00e1vel. Vis\u00e3o Ser uma institui\u00e7\u00e3o de refer\u00eancia em excel\u00eancia acad\u00e9mica alicer\u00e7ada nos princ\u00edpios \u00e9ticos e da doutrina social. Objectivos Elaborar programas de pesquisa e estudo que forne\u00e7am subs\u00eddios para a solu\u00e7\u00e3o dos problemas regionais e locais das comunidades; Desenvolver uma investiga\u00e7\u00e3o orientada para os problemas e desafios que a actual sociedade apresenta no campo educativo, mas com especial aten\u00e7\u00e3o para os problemas sociais que a caracterizam; Formar profissionais habilitados no desempenho de suas fun\u00e7\u00f5es de forma eficiente, criativa, din\u00e2mica e proativa; mas, acima de tudo, enaltecendo sempre a qualidade \u00e9tica nas suas interven\u00e7\u00f5es; Desenvolver interc\u00e2mbio e coopera\u00e7\u00e3o com outras institui\u00e7\u00f5es cient\u00edficas, de forma\u00e7\u00e3o superior, culturais, nacionais e estrangeiras, tendo em vista o incremento das ci\u00eancias, das letras e das artes; Formar Educadores convictos do valor da pessoa, dispostos a defender os seus direitos e capazes de se envolver na sublime tarefa de elevar a dignidade humana acompanhando os outros no seu processo de crescimento; Produzir diferentes tipos publica\u00e7\u00f5es de interesse cultural e cient\u00edfico, fruto dos trabalhos de investiga\u00e7\u00e3o. GARANTE O TEU FUTURO \u00a0 COM UMA FORMA\u00c7\u00c3O S\u00d3LIDA<\/p>\n","protected":false},"author":1,"featured_media":0,"parent":0,"menu_order":0,"comment_status":"closed","ping_status":"closed","template":"","meta":{"footnotes":""},"class_list":["post-3984","page","type-page","status-publish","hentry","post-no-thumbnail"],"_links":{"self":[{"href":"https:\/\/ismma.ac.mz\/site\/wp-json\/wp\/v2\/pages\/3984","targetHints":{"allow":["GET"]}}],"collection":[{"href":"https:\/\/ismma.ac.mz\/site\/wp-json\/wp\/v2\/pages"}],"about":[{"href":"https:\/\/ismma.ac.mz\/site\/wp-json\/wp\/v2\/types\/page"}],"author":[{"embeddable":true,"href":"https:\/\/ismma.ac.mz\/site\/wp-json\/wp\/v2\/users\/1"}],"replies":[{"embeddable":true,"href":"https:\/\/ismma.ac.mz\/site\/wp-json\/wp\/v2\/comments?post=3984"}],"version-history":[{"count":3,"href":"https:\/\/ismma.ac.mz\/site\/wp-json\/wp\/v2\/pages\/3984\/revisions"}],"predecessor-version":[{"id":5613,"href":"https:\/\/ismma.ac.mz\/site\/wp-json\/wp\/v2\/pages\/3984\/revisions\/5613"}],"wp:attachment":[{"href":"https:\/\/ismma.ac.mz\/site\/wp-json\/wp\/v2\/media?parent=3984"}],"curies":[{"name":"wp","href":"https:\/\/api.w.org\/{rel}","templated":true}]}}