{"id":3971,"date":"2022-06-10T12:30:43","date_gmt":"2022-06-10T10:30:43","guid":{"rendered":"https:\/\/ismma.ac.mz\/site\/?page_id=3971"},"modified":"2022-08-01T09:05:28","modified_gmt":"2022-08-01T07:05:28","slug":"cursos-de-curta-duracao","status":"publish","type":"page","link":"https:\/\/ismma.ac.mz\/site\/cursos-de-curta-duracao\/","title":{"rendered":"Cursos de Curta Dura\u00e7\u00e3o"},"content":{"rendered":"\t\t<div data-elementor-type=\"wp-page\" data-elementor-id=\"3971\" class=\"elementor elementor-3971\">\n\t\t\t\t\t\t<section class=\"elementor-section elementor-top-section elementor-element elementor-element-63f8a26 elementor-section-boxed elementor-section-gap-beside-yes elementor-section-height-default elementor-section-height-default elementor-section-column-vertical-align-stretch\" data-id=\"63f8a26\" data-element_type=\"section\">\n\t\t\t\t\t\t<div class=\"elementor-container elementor-column-gap-extended\">\n\t\t\t\t\t<div class=\"elementor-column elementor-col-100 elementor-top-column elementor-element elementor-element-ea7de79\" data-id=\"ea7de79\" data-element_type=\"column\">\n\t\t\t<div class=\"elementor-widget-wrap elementor-element-populated\">\n\t\t\t\t\t\t<div class=\"elementor-element elementor-element-b9e0ba2 elementor-widget elementor-widget-toggle\" data-id=\"b9e0ba2\" data-element_type=\"widget\" data-widget_type=\"toggle.default\">\n\t\t\t\t<div class=\"elementor-widget-container\">\n\t\t\t\t\t\t\t<div class=\"elementor-toggle\">\n\t\t\t\t\t\t\t<div class=\"elementor-toggle-item\">\n\t\t\t\t\t<div id=\"elementor-tab-title-1941\" class=\"elementor-tab-title\" data-tab=\"1\" role=\"button\" aria-controls=\"elementor-tab-content-1941\" aria-expanded=\"false\">\n\t\t\t\t\t\t\t\t\t\t\t\t<span class=\"elementor-toggle-icon elementor-toggle-icon-left\" aria-hidden=\"true\">\n\t\t\t\t\t\t\t\t\t\t\t\t\t\t\t<span class=\"elementor-toggle-icon-closed\"><i class=\"fas fa-caret-right\"><\/i><\/span>\n\t\t\t\t\t\t\t\t<span class=\"elementor-toggle-icon-opened\"><i class=\"elementor-toggle-icon-opened fas fa-caret-up\"><\/i><\/span>\n\t\t\t\t\t\t\t\t\t\t\t\t\t<\/span>\n\t\t\t\t\t\t\t\t\t\t\t\t<a class=\"elementor-toggle-title\" tabindex=\"0\">T\u00e9cnico-M\u00e9dio em Educa\u00e7\u00e3o de Inf\u00e2ncia Curta Dura\u00e7\u00e3o<\/a>\n\t\t\t\t\t<\/div>\n\n\t\t\t\t\t<div id=\"elementor-tab-content-1941\" class=\"elementor-tab-content elementor-clearfix\" data-tab=\"1\" role=\"region\" aria-labelledby=\"elementor-tab-title-1941\"><p><strong>PERFIL<\/strong><\/p><p>O curso tem como objectivo oferecer capacita\u00e7\u00f5es ou forma\u00e7\u00f5es nos cursos de educa\u00e7\u00e3o de inf\u00e2ncia de curta dura\u00e7\u00e3o reconhecidos e certificados, com vista a melhorar o desempenho dos profissionais desta \u00e1rea.<\/p><p><strong>COMPET\u00caNCIAS<\/strong><\/p><p>Demonstrar um n\u00edvel de conhecimentos te\u00f3ricos e t\u00e9cnicos restritos, mas relevantes \u00e0 educa\u00e7\u00e3o de inf\u00e2ncia inclusiva e centrada na crian\u00e7a; Aplicar um conjunto de habilidades pequeno, mas bem desenvolvido em situa\u00e7\u00f5es previs\u00edveis na \u00e1rea de educa\u00e7\u00e3o de inf\u00e2ncia e; Assumir a responsabilidade pelos seus resultados pr\u00f3prios em situa\u00e7\u00f5es de trabalho estruturadas e assumir a sua parte de responsabilidade quando em trabalho por equipas pequenas numa institui\u00e7\u00e3o de inf\u00e2ncia.<\/p><p><strong>SA\u00cdDAS PROFISSIONAIS<\/strong><\/p><ul><li>Trabalhar como educadores em qualquer institui\u00e7\u00e3o de inf\u00e2ncia, tais como institui\u00e7\u00f5es privadas e comunit\u00e1rias, incluindo centros de inf\u00e2ncia, jardins-de-inf\u00e2ncia, creches, infant\u00e1rios, centros de acolhimento, e escolinhas comunit\u00e1rias.<\/li><\/ul><p><strong>PLANO CURRICULAR<\/strong><\/p><p>As unidades de tem\u00e1ticas tocam nas compet\u00eancias que directamente apoiam a actividade do educador da inf\u00e2ncia na prepara\u00e7\u00e3o do ambiente, produ\u00e7\u00e3o de materiais, planifica\u00e7\u00e3o e avalia\u00e7\u00e3o do processo da aprendizagem da crian\u00e7a. As unidades tem\u00e1ticas est\u00e3o estruturadas em 16 semanas lectivas e aulas s\u00e3o dadas de forma te\u00f3rica e pr\u00e1tica perfazendo 58 cr\u00e9ditos acad\u00e9micos, incluindo o est\u00e1gio de observa\u00e7\u00e3o.<\/p><\/div>\n\t\t\t\t<\/div>\n\t\t\t\t\t\t\t\t<\/div>\n\t\t\t\t\t\t<\/div>\n\t\t\t\t<\/div>\n\t\t\t\t\t<\/div>\n\t\t<\/div>\n\t\t\t\t\t<\/div>\n\t\t<\/section>\n\t\t\t\t<section class=\"elementor-section elementor-top-section elementor-element elementor-element-21a0c0d elementor-section-full_width elementor-section-gap-beside-yes elementor-section-height-default elementor-section-height-default elementor-section-content-align-center elementor-section-column-vertical-align-stretch\" data-id=\"21a0c0d\" data-element_type=\"section\">\n\t\t\t\t\t\t<div class=\"elementor-container elementor-column-gap-extended\">\n\t\t\t\t\t<div class=\"elementor-column elementor-col-100 elementor-top-column elementor-element elementor-element-769d60a\" data-id=\"769d60a\" data-element_type=\"column\" data-settings=\"{&quot;background_background&quot;:&quot;classic&quot;}\">\n\t\t\t<div class=\"elementor-widget-wrap elementor-element-populated\">\n\t\t\t\t\t\t<div class=\"elementor-element elementor-element-066f8ca elementor-absolute elementor-widget elementor-widget-text-editor\" data-id=\"066f8ca\" data-element_type=\"widget\" data-settings=\"{&quot;_position&quot;:&quot;absolute&quot;}\" data-widget_type=\"text-editor.default\">\n\t\t\t\t<div class=\"elementor-widget-container\">\n\t\t\t\t\t\t\t\t\t<p>GARANTE O TEU FUTURO<\/p><p>\u00a0<\/p>\t\t\t\t\t\t\t\t<\/div>\n\t\t\t\t<\/div>\n\t\t\t\t<div class=\"elementor-element elementor-element-4157ae6 elementor-widget elementor-widget-text-editor\" data-id=\"4157ae6\" data-element_type=\"widget\" data-widget_type=\"text-editor.default\">\n\t\t\t\t<div class=\"elementor-widget-container\">\n\t\t\t\t\t\t\t\t\t<p>COM UMA FORMA\u00c7\u00c3O S\u00d3LIDA<\/p>\t\t\t\t\t\t\t\t<\/div>\n\t\t\t\t<\/div>\n\t\t\t\t<div class=\"elementor-element elementor-element-16d59aa elementor-align-center elementor-widget elementor-widget-tm-separator\" data-id=\"16d59aa\" data-element_type=\"widget\" data-widget_type=\"tm-separator.default\">\n\t\t\t\t<div class=\"elementor-widget-container\">\n\t\t\t\t\t\t\t<div class=\"tm-separator horizontal-line\">\n\t\t\t<div class=\"inner\"><\/div>\n\t\t<\/div>\n\t\t\t\t\t\t<\/div>\n\t\t\t\t<\/div>\n\t\t\t\t\t<\/div>\n\t\t<\/div>\n\t\t\t\t\t<\/div>\n\t\t<\/section>\n\t\t\t\t<\/div>\n\t\t","protected":false},"excerpt":{"rendered":"<p>T\u00e9cnico-M\u00e9dio em Educa\u00e7\u00e3o de Inf\u00e2ncia Curta Dura\u00e7\u00e3o PERFIL O curso tem como objectivo oferecer capacita\u00e7\u00f5es ou forma\u00e7\u00f5es nos cursos de educa\u00e7\u00e3o de inf\u00e2ncia de curta dura\u00e7\u00e3o reconhecidos e certificados, com vista a melhorar o desempenho dos profissionais desta \u00e1rea. COMPET\u00caNCIAS Demonstrar um n\u00edvel de conhecimentos te\u00f3ricos e t\u00e9cnicos restritos, mas relevantes \u00e0 educa\u00e7\u00e3o de inf\u00e2ncia inclusiva e centrada na crian\u00e7a; Aplicar um conjunto de habilidades pequeno, mas bem desenvolvido em situa\u00e7\u00f5es previs\u00edveis na \u00e1rea de educa\u00e7\u00e3o de inf\u00e2ncia e; Assumir a responsabilidade pelos seus resultados pr\u00f3prios em situa\u00e7\u00f5es de trabalho estruturadas e assumir a sua parte de responsabilidade quando em trabalho por equipas pequenas numa institui\u00e7\u00e3o de inf\u00e2ncia. SA\u00cdDAS PROFISSIONAIS Trabalhar como educadores em qualquer institui\u00e7\u00e3o de inf\u00e2ncia, tais como institui\u00e7\u00f5es privadas e comunit\u00e1rias, incluindo centros de inf\u00e2ncia, jardins-de-inf\u00e2ncia, creches, infant\u00e1rios, centros de acolhimento, e escolinhas comunit\u00e1rias. PLANO CURRICULAR As unidades de tem\u00e1ticas tocam nas compet\u00eancias que directamente apoiam a actividade do educador da inf\u00e2ncia na prepara\u00e7\u00e3o do ambiente, produ\u00e7\u00e3o de materiais, planifica\u00e7\u00e3o e avalia\u00e7\u00e3o do processo da aprendizagem da crian\u00e7a. As unidades tem\u00e1ticas est\u00e3o estruturadas em 16 semanas lectivas e aulas s\u00e3o dadas de forma te\u00f3rica e pr\u00e1tica perfazendo 58 cr\u00e9ditos acad\u00e9micos, incluindo o est\u00e1gio de observa\u00e7\u00e3o. GARANTE O TEU FUTURO \u00a0 COM UMA FORMA\u00c7\u00c3O S\u00d3LIDA<\/p>\n","protected":false},"author":1,"featured_media":0,"parent":0,"menu_order":0,"comment_status":"closed","ping_status":"closed","template":"","meta":{"footnotes":""},"class_list":["post-3971","page","type-page","status-publish","hentry","post-no-thumbnail"],"_links":{"self":[{"href":"https:\/\/ismma.ac.mz\/site\/wp-json\/wp\/v2\/pages\/3971","targetHints":{"allow":["GET"]}}],"collection":[{"href":"https:\/\/ismma.ac.mz\/site\/wp-json\/wp\/v2\/pages"}],"about":[{"href":"https:\/\/ismma.ac.mz\/site\/wp-json\/wp\/v2\/types\/page"}],"author":[{"embeddable":true,"href":"https:\/\/ismma.ac.mz\/site\/wp-json\/wp\/v2\/users\/1"}],"replies":[{"embeddable":true,"href":"https:\/\/ismma.ac.mz\/site\/wp-json\/wp\/v2\/comments?post=3971"}],"version-history":[{"count":0,"href":"https:\/\/ismma.ac.mz\/site\/wp-json\/wp\/v2\/pages\/3971\/revisions"}],"wp:attachment":[{"href":"https:\/\/ismma.ac.mz\/site\/wp-json\/wp\/v2\/media?parent=3971"}],"curies":[{"name":"wp","href":"https:\/\/api.w.org\/{rel}","templated":true}]}}