{"id":3965,"date":"2022-06-10T12:29:29","date_gmt":"2022-06-10T10:29:29","guid":{"rendered":"https:\/\/ismma.ac.mz\/site\/?page_id=3965"},"modified":"2022-07-20T10:27:17","modified_gmt":"2022-07-20T08:27:17","slug":"cursos-tecnicos","status":"publish","type":"page","link":"https:\/\/ismma.ac.mz\/site\/cursos-tecnicos\/","title":{"rendered":"Cursos T\u00e9cnicos"},"content":{"rendered":"\t\t<div data-elementor-type=\"wp-page\" data-elementor-id=\"3965\" class=\"elementor elementor-3965\">\n\t\t\t\t\t\t<section class=\"elementor-section elementor-top-section elementor-element elementor-element-45eb497 elementor-section-boxed elementor-section-gap-beside-yes elementor-section-height-default elementor-section-height-default elementor-section-column-vertical-align-stretch\" data-id=\"45eb497\" data-element_type=\"section\">\n\t\t\t\t\t\t<div class=\"elementor-container elementor-column-gap-extended\">\n\t\t\t\t\t<div class=\"elementor-column elementor-col-100 elementor-top-column elementor-element elementor-element-439d355\" data-id=\"439d355\" data-element_type=\"column\">\n\t\t\t<div class=\"elementor-widget-wrap elementor-element-populated\">\n\t\t\t\t\t\t<div class=\"elementor-element elementor-element-56b40c8 elementor-widget elementor-widget-template\" data-id=\"56b40c8\" data-element_type=\"widget\" data-widget_type=\"template.default\">\n\t\t\t\t<div class=\"elementor-widget-container\">\n\t\t\t\t\t\t\t<div class=\"elementor-template\">\n\t\t\t\t\t<div data-elementor-type=\"section\" data-elementor-id=\"3677\" class=\"elementor elementor-3677\">\n\t\t\t\t\t<div class=\"elementor-section-wrap\">\n\t\t\t\t\t\t\t\t<section class=\"elementor-section elementor-top-section elementor-element elementor-element-bfd3530 elementor-section-boxed elementor-section-gap-beside-yes elementor-section-height-default elementor-section-height-default elementor-section-column-vertical-align-stretch\" data-id=\"bfd3530\" data-element_type=\"section\">\n\t\t\t\t\t\t<div class=\"elementor-container elementor-column-gap-extended\">\n\t\t\t\t\t<div class=\"elementor-column elementor-col-100 elementor-top-column elementor-element elementor-element-13223d4\" data-id=\"13223d4\" data-element_type=\"column\">\n\t\t\t<div class=\"elementor-widget-wrap elementor-element-populated\">\n\t\t\t\t\t\t<div class=\"elementor-element elementor-element-bb7dfdd elementor-widget elementor-widget-toggle\" data-id=\"bb7dfdd\" data-element_type=\"widget\" data-widget_type=\"toggle.default\">\n\t\t\t\t<div class=\"elementor-widget-container\">\n\t\t\t\t\t\t\t<div class=\"elementor-toggle\">\n\t\t\t\t\t\t\t<div class=\"elementor-toggle-item\">\n\t\t\t\t\t<div id=\"elementor-tab-title-1961\" class=\"elementor-tab-title\" data-tab=\"1\" role=\"button\" aria-controls=\"elementor-tab-content-1961\" aria-expanded=\"false\">\n\t\t\t\t\t\t\t\t\t\t\t\t<span class=\"elementor-toggle-icon elementor-toggle-icon-left\" aria-hidden=\"true\">\n\t\t\t\t\t\t\t\t\t\t\t\t\t\t\t<span class=\"elementor-toggle-icon-closed\"><i class=\"fas fa-caret-right\"><\/i><\/span>\n\t\t\t\t\t\t\t\t<span class=\"elementor-toggle-icon-opened\"><i class=\"elementor-toggle-icon-opened fas fa-caret-up\"><\/i><\/span>\n\t\t\t\t\t\t\t\t\t\t\t\t\t<\/span>\n\t\t\t\t\t\t\t\t\t\t\t\t<a class=\"elementor-toggle-title\" tabindex=\"0\">T\u00e9cnico-M\u00e9dio em Ac\u00e7\u00e3o Social<\/a>\n\t\t\t\t\t<\/div>\n\n\t\t\t\t\t<div id=\"elementor-tab-content-1961\" class=\"elementor-tab-content elementor-clearfix\" data-tab=\"1\" role=\"region\" aria-labelledby=\"elementor-tab-title-1961\"><p><strong>Dura\u00e7\u00e3o do Curso<\/strong><\/p><p>3 anos<\/p><p><strong>Regime de Estudo<\/strong><\/p><p>Presencial<\/p><p><strong>Requisitos para Ingresso<\/strong><\/p><p>N\u00edvel B\u00e1sico completo<\/p><p><strong>Perfil<\/strong><\/p><p>O T\u00e9cnico-M\u00e9dio em Ac\u00e7\u00e3o Social \u00e9 um profissional com compet\u00eancia para realizar interven\u00e7\u00f5es de \u00e2mbito social em diversas \u00e1reas de actua\u00e7\u00e3o, no espa\u00e7o urbano e rural, em organiza\u00e7\u00f5es do governo, comunit\u00e1rias, da sociedade civil, privadas e institui\u00e7\u00f5es religiosas.<\/p><p><strong>Compet\u00eancias<\/strong><\/p><p>O graduado deste curso dever\u00e1 adquirir compet\u00eancia te\u00f3rica e pr\u00e1tica para colaborar na \u00e1rea social, desenvolvendo as seguintes tarefas:<\/p><ul><li>Apoiar a fam\u00edlia e a comunidade para dar acolhimento e protec\u00e7\u00e3o a pessoas e grupos vulner\u00e1veis;<\/li><li>Fazer inqu\u00e9ritos sociais que visam a instru\u00e7\u00e3o dos diferentes processos de protec\u00e7\u00e3o legal aos grupos vulner\u00e1veis;<\/li><li>Exercer fun\u00e7\u00f5es de direc\u00e7\u00e3o em organiza\u00e7\u00f5es p\u00fablicas e privadas na \u00e1rea da Ac\u00e7\u00e3o Social;<\/li><li>Participar em pesquisas que subsidiem formula\u00e7\u00f5es pol\u00edticas e ac\u00e7\u00f5es profissionais.<\/li><\/ul><p><strong>Sa\u00eddas Profissionais<\/strong><\/p><p>O T\u00e9cnico-M\u00e9dio de Ac\u00e7\u00e3o Social pode exercer as suas actividades nas seguintes \u00e1reas:<\/p><ul><li>Institui\u00e7\u00f5es sociais estatais e privadas;<\/li><li>Unidades sanit\u00e1rias estatais e privadas;<\/li><li>Unidades escolares estatais e privadas;<\/li><li>Institui\u00e7\u00f5es de reclus\u00e3o e tratamento de delinquentes;<\/li><li>Congrega\u00e7\u00f5es religiosas;<\/li><li>ONG\u2019s;<\/li><li>Empresas;<\/li><li>Associa\u00e7\u00f5es c\u00edvicas, entre outras.<\/li><\/ul><p><strong>Plano Curricular<\/strong><\/p><p>O plano curricular est\u00e1 estruturado em 6 semestres e acumula 360 cr\u00e9ditos acad\u00e9micos. O ano acad\u00e9mico est\u00e1 dividido em dois semestres, de 20 semanas lectivas cada. Os formandos possuem aulas te\u00f3ricas e pr\u00e1ticas, incluindo um est\u00e1gio supervisionado.<\/p><\/div>\n\t\t\t\t<\/div>\n\t\t\t\t\t\t\t<div class=\"elementor-toggle-item\">\n\t\t\t\t\t<div id=\"elementor-tab-title-1962\" class=\"elementor-tab-title\" data-tab=\"2\" role=\"button\" aria-controls=\"elementor-tab-content-1962\" aria-expanded=\"false\">\n\t\t\t\t\t\t\t\t\t\t\t\t<span class=\"elementor-toggle-icon elementor-toggle-icon-left\" aria-hidden=\"true\">\n\t\t\t\t\t\t\t\t\t\t\t\t\t\t\t<span class=\"elementor-toggle-icon-closed\"><i class=\"fas fa-caret-right\"><\/i><\/span>\n\t\t\t\t\t\t\t\t<span class=\"elementor-toggle-icon-opened\"><i class=\"elementor-toggle-icon-opened fas fa-caret-up\"><\/i><\/span>\n\t\t\t\t\t\t\t\t\t\t\t\t\t<\/span>\n\t\t\t\t\t\t\t\t\t\t\t\t<a class=\"elementor-toggle-title\" tabindex=\"0\">T\u00e9cnico-M\u00e9dio em Contabilidade<\/a>\n\t\t\t\t\t<\/div>\n\n\t\t\t\t\t<div id=\"elementor-tab-content-1962\" class=\"elementor-tab-content elementor-clearfix\" data-tab=\"2\" role=\"region\" aria-labelledby=\"elementor-tab-title-1962\"><p><strong>Dura\u00e7\u00e3o do Curso<\/strong><\/p><p>3 anos<\/p><p><strong>Regime de Estudo<\/strong><\/p><p>Presencial<\/p><p><strong>Requisitos para Ingresso<\/strong><\/p><p>N\u00edvel B\u00e1sico completo<\/p><p><strong>Perfil<\/strong><\/p><p>O T\u00e9cnico-M\u00e9dio em Contabilidade \u00e9 um profissional com habilidades para realizar v\u00e1rias actividades de log\u00edstica (como fiel de armaz\u00e9m e desembara\u00e7o aduaneiro de mercadorias) e em rotinas conhecidas e situa\u00e7\u00f5es previs\u00edveis e de raciocino limitado na selec\u00e7\u00e3o de equipamentos e m\u00e9todos.<\/p><p><strong>Compet\u00eancias<\/strong><\/p><p>O T\u00e9cnico-M\u00e9dio em Contabilidade dever\u00e1 adquirir compet\u00eancia te\u00f3rica e pr\u00e1tica para colaborar na \u00e1rea da contabilidade, desenvolvendo as seguintes tarefas:<\/p><ul><li>Elaborar balan\u00e7os financeiros e contabil\u00edsticos, gerir a tesouraria e coordenar o escritur\u00e1rio;<\/li><li>Auxiliar o Chefe de departamento de Opera\u00e7\u00f5es nos processos de contabilidade de custos;<\/li><li>Liderar o departamento de contabilidade, ou a direc\u00e7\u00e3o administrativa e financeira, numa pequena organiza\u00e7\u00e3o.<\/li><\/ul><p><strong>Sa\u00eddas Profissionais<\/strong><\/p><p>O T\u00e9cnico-M\u00e9dio em Contabilidade pode exercer as suas actividades nas seguintes \u00e1reas:<\/p><ul><li>Pequenas, m\u00e9dias e grandes empresas do sector p\u00fablico e privado;<\/li><li>Organiza\u00e7\u00f5es p\u00fablicas e privadas;<\/li><li>Empreendedorismo (criar e prestar servi\u00e7os de consultoria em contabilidade).<\/li><\/ul><p><strong>Plano Curricular<\/strong><\/p><p>O plano curricular est\u00e1 estruturado em 6 semestres e acumula 360 cr\u00e9ditos acad\u00e9micos. O ano acad\u00e9mico est\u00e1 dividido em dois semestres, de 20 semanas lectivas cada. Os formandos possuem aulas te\u00f3ricas e pr\u00e1ticas, incluindo um est\u00e1gio supervisionado.<\/p><\/div>\n\t\t\t\t<\/div>\n\t\t\t\t\t\t\t<div class=\"elementor-toggle-item\">\n\t\t\t\t\t<div id=\"elementor-tab-title-1963\" class=\"elementor-tab-title\" data-tab=\"3\" role=\"button\" aria-controls=\"elementor-tab-content-1963\" aria-expanded=\"false\">\n\t\t\t\t\t\t\t\t\t\t\t\t<span class=\"elementor-toggle-icon elementor-toggle-icon-left\" aria-hidden=\"true\">\n\t\t\t\t\t\t\t\t\t\t\t\t\t\t\t<span class=\"elementor-toggle-icon-closed\"><i class=\"fas fa-caret-right\"><\/i><\/span>\n\t\t\t\t\t\t\t\t<span class=\"elementor-toggle-icon-opened\"><i class=\"elementor-toggle-icon-opened fas fa-caret-up\"><\/i><\/span>\n\t\t\t\t\t\t\t\t\t\t\t\t\t<\/span>\n\t\t\t\t\t\t\t\t\t\t\t\t<a class=\"elementor-toggle-title\" tabindex=\"0\">T\u00e9cnico-M\u00e9dio em Gest\u00e3o de Recursos Humanos<\/a>\n\t\t\t\t\t<\/div>\n\n\t\t\t\t\t<div id=\"elementor-tab-content-1963\" class=\"elementor-tab-content elementor-clearfix\" data-tab=\"3\" role=\"region\" aria-labelledby=\"elementor-tab-title-1963\"><p><strong>Dura\u00e7\u00e3o do Curso<\/strong><\/p><p>3 anos<\/p><p><strong>Regime de Estudo<\/strong><\/p><p>Presencial<\/p><p><strong>Requisitos para Ingresso<\/strong><\/p><p>N\u00edvel B\u00e1sico completo<\/p><p><strong>Perfil<\/strong><\/p><p>O T\u00e9cnico-M\u00e9dio em Gest\u00e3o de Recursos Humanos \u00e9 um profissional com habilidades para exercer as fun\u00e7\u00f5es de gest\u00e3o (planificar, liderar, organizar, controlar) actividades de uma organiza\u00e7\u00e3o.<\/p><p><strong>Compet\u00eancias<\/strong><\/p><p>O T\u00e9cnico-M\u00e9dio em Gest\u00e3o de Recursos Humanos dever\u00e1 adquirir compet\u00eancia te\u00f3rica e pr\u00e1tica para colaborar na \u00e1rea da gest\u00e3o de recursos humanos, desenvolvendo as seguintes tarefas:<\/p><ul><li>Apoiar a gest\u00e3o estrat\u00e9gica de uma organiza\u00e7\u00e3o, realizando tarefas de planifica\u00e7\u00e3o e monitoria estrat\u00e9gica;<\/li><li>Fazer controlo operacional de manuais de procedimentos, e gest\u00e3o de processos de certifica\u00e7\u00e3o da qualidade;<\/li><li>Gerir projectos e implementar programas de responsabilidade social empresarial.<\/li><\/ul><p><strong>Sa\u00eddas Profissionais<\/strong><\/p><p>O T\u00e9cnico-M\u00e9dio de Gest\u00e3o de Recursos Humanos pode exercer as suas actividades nas seguintes \u00e1reas:<\/p><ul><li>Consultoria em Recursos Humanos;<\/li><li>Gestor de Recursos Humanos na fun\u00e7\u00e3o p\u00fablica, organiza\u00e7\u00f5es governamentais e n\u00e3o- governamentais;<\/li><li>Trabalhar em empresas de recrutamento e selec\u00e7\u00e3o;<\/li><li>Administrador de cargos e sal\u00e1rios, planeamento de Recursos Humanos e administra\u00e7\u00e3o de pessoal.<\/li><\/ul><p><strong>Plano Curricular<\/strong><\/p><p>O plano curricular esta estruturados em 6 semestres e acumula 360 cr\u00e9ditos acad\u00e9micos. O ano acad\u00e9mico est\u00e1 dividido em dois semestres, de 20 semanas lectivas cada. Os formandos possuem aulas te\u00f3ricas e pr\u00e1ticas, incluindo um est\u00e1gio supervisionado.<\/p><\/div>\n\t\t\t\t<\/div>\n\t\t\t\t\t\t\t<div class=\"elementor-toggle-item\">\n\t\t\t\t\t<div id=\"elementor-tab-title-1964\" class=\"elementor-tab-title\" data-tab=\"4\" role=\"button\" aria-controls=\"elementor-tab-content-1964\" aria-expanded=\"false\">\n\t\t\t\t\t\t\t\t\t\t\t\t<span class=\"elementor-toggle-icon elementor-toggle-icon-left\" aria-hidden=\"true\">\n\t\t\t\t\t\t\t\t\t\t\t\t\t\t\t<span class=\"elementor-toggle-icon-closed\"><i class=\"fas fa-caret-right\"><\/i><\/span>\n\t\t\t\t\t\t\t\t<span class=\"elementor-toggle-icon-opened\"><i class=\"elementor-toggle-icon-opened fas fa-caret-up\"><\/i><\/span>\n\t\t\t\t\t\t\t\t\t\t\t\t\t<\/span>\n\t\t\t\t\t\t\t\t\t\t\t\t<a class=\"elementor-toggle-title\" tabindex=\"0\">T\u00e9cnico-M\u00e9dio em Educa\u00e7\u00e3o de Inf\u00e2ncia<\/a>\n\t\t\t\t\t<\/div>\n\n\t\t\t\t\t<div id=\"elementor-tab-content-1964\" class=\"elementor-tab-content elementor-clearfix\" data-tab=\"4\" role=\"region\" aria-labelledby=\"elementor-tab-title-1964\"><p><strong>PERFIL<\/strong><\/p><p>Este cu<\/p><p><strong>Dura\u00e7\u00e3o do Curso<\/strong><\/p><p>3 anos<\/p><p><strong>Regime de Estudo<\/strong><\/p><p>Presencial<\/p><p><strong>Requisitos para Ingresso<\/strong><\/p><p>N\u00edvel B\u00e1sico completo<\/p><p><strong>Perfil<\/strong><\/p><p>O T\u00e9cnico-M\u00e9dio em Educa\u00e7\u00e3o de Inf\u00e2ncia \u00e9 um t\u00e9cnico preparado para colaborar no processo de desenvolvimento integral das crian\u00e7as em idade pr\u00e9-escolar, e com compet\u00eancias profissionais para o educador de inf\u00e2ncia.<\/p><p><strong>Compet\u00eancias<\/strong><\/p><p>O T\u00e9cnico-M\u00e9dio em Educa\u00e7\u00e3o de Inf\u00e2ncia dever\u00e1 adquirir compet\u00eancia te\u00f3rica e pr\u00e1tica para colaborar na \u00e1rea da educa\u00e7\u00e3o de inf\u00e2ncia, desenvolvendo as seguintes tarefas:<\/p><ul><li>Gerir ou supervisionar as institui\u00e7\u00f5es de educa\u00e7\u00e3o de inf\u00e2ncia;<\/li><li>Planificar as actividades;<\/li><li>Auxiliar na elabora\u00e7\u00e3o do planeamento pedag\u00f3gico;<\/li><li>Preparar material did\u00e1tico, desenvolver actividades recreativas e acompanhamento do desenvolvimento das crian\u00e7as.<\/li><\/ul><p><strong>Sa\u00eddas Profissionais<\/strong><\/p><p>O graduado com esta qualifica\u00e7\u00e3o estar\u00e1 habilitado a trabalhar como educador em qualquer institui\u00e7\u00e3o de inf\u00e2ncia, tais como:<\/p><ul><li>Institui\u00e7\u00f5es de inf\u00e2ncia estatais;<\/li><li>Institui\u00e7\u00f5es privadas e organiza\u00e7\u00f5es n\u00e3o-governamentais e comunit\u00e1rias;<\/li><li>Centros de inf\u00e2ncia, jardins de inf\u00e2ncia, creches, infant\u00e1rios, centros de acolhimento, e escolinhas comunit\u00e1rias.<\/li><\/ul><p><strong>Plano Curricular<\/strong><\/p><p>O plano curricular est\u00e1 estruturado em 6 semestres e acumula 360 cr\u00e9ditos acad\u00e9micos. O ano acad\u00e9mico esta dividido em dois semestres, de 20 semanas lectivas cada. Os formandos possuem aulas te\u00f3ricas e pr\u00e1ticas, incluindo um est\u00e1gio supervisionado.<\/p><p>rso \u00e9 destinado aos candidatos de n\u00edvel b\u00e1sico que queiram ingressar no mercado de trabalho na \u00e1rea de Educa\u00e7\u00e3o de Inf\u00e2ncia e tem como objectivo de preparar t\u00e9cnicos que possam colaborar no processo de desenvolvimento integral das crian\u00e7as em idade pr\u00e9-escolar e responder \u00e0s lacunas existentes, oferecendo um programa de forma\u00e7\u00e3o profissional baseado em compet\u00eancias para o educador de inf\u00e2ncia.<\/p><p><strong>COMPET\u00caNCIAS<\/strong><\/p><p>Espera-se que o graduado deste curso tenha compet\u00eancia te\u00f3rica e pr\u00e1tica para colaborar na \u00e1rea da gest\u00e3o de recursos humanos desenvolvendo as seguintes tarefas:<\/p><ul><li>Gerir ou supervisionar as institui\u00e7\u00f5es de educa\u00e7\u00e3o de inf\u00e2ncia;<\/li><li>Planificar as actividades;<\/li><li>Auxiliar na elabora\u00e7\u00e3o do planeamento pedag\u00f3gico;<\/li><li>Preparar material did\u00e1tico, desenvolver actividades recreativas e acompanham o desenvolvimento das crian\u00e7as;<\/li><\/ul><p><strong>SA\u00cdDAS PROFISSIONAIS<\/strong><\/p><p>Graduados com esta qualifica\u00e7\u00e3o estar\u00e3o habilitados a trabalhar como educadores em qualquer institui\u00e7\u00e3o de inf\u00e2ncia, tais como:<\/p><ul><li>Institui\u00e7\u00f5es de inf\u00e2ncia estatais.<\/li><li>Institui\u00e7\u00f5es privadas e organiza\u00e7\u00f5es n\u00e3o-governamentais e comunit\u00e1rias;<\/li><li>Centros de Inf\u00e2ncia, jardins de inf\u00e2ncia, creches, infant\u00e1rios, centros de acolhimento, e escolinhas comunit\u00e1rias.<\/li><\/ul><p><strong>PLANO CURRICULAR<\/strong><\/p><p>O plano curricular est\u00e1 estruturado em 6 semestres e acumula 360 cr\u00e9ditos acad\u00e9micos. O ano acad\u00e9mico esta dividido em dois semestres, de 20 semanas lectivas cada. Os formandos possuem aulas te\u00f3ricas e pr\u00e1ticas, incluindo um est\u00e1gio supervisionado.<\/p><\/div>\n\t\t\t\t<\/div>\n\t\t\t\t\t\t\t\t<\/div>\n\t\t\t\t\t\t<\/div>\n\t\t\t\t<\/div>\n\t\t\t\t\t<\/div>\n\t\t<\/div>\n\t\t\t\t\t<\/div>\n\t\t<\/section>\n\t\t\t\t\t\t\t<\/div>\n\t\t\t\t<\/div>\n\t\t\t\t<\/div>\n\t\t\t\t\t\t<\/div>\n\t\t\t\t<\/div>\n\t\t\t\t\t<\/div>\n\t\t<\/div>\n\t\t\t\t\t<\/div>\n\t\t<\/section>\n\t\t\t\t<section class=\"elementor-section elementor-top-section elementor-element elementor-element-5bd56bd elementor-section-full_width elementor-section-gap-beside-yes elementor-section-height-default elementor-section-height-default elementor-section-content-align-center elementor-section-column-vertical-align-stretch\" data-id=\"5bd56bd\" data-element_type=\"section\">\n\t\t\t\t\t\t<div class=\"elementor-container elementor-column-gap-extended\">\n\t\t\t\t\t<div class=\"elementor-column elementor-col-100 elementor-top-column elementor-element elementor-element-9e7f64a\" data-id=\"9e7f64a\" data-element_type=\"column\" data-settings=\"{&quot;background_background&quot;:&quot;classic&quot;}\">\n\t\t\t<div class=\"elementor-widget-wrap elementor-element-populated\">\n\t\t\t\t\t\t<div class=\"elementor-element elementor-element-a1f760c elementor-absolute elementor-widget elementor-widget-text-editor\" data-id=\"a1f760c\" data-element_type=\"widget\" data-settings=\"{&quot;_position&quot;:&quot;absolute&quot;}\" data-widget_type=\"text-editor.default\">\n\t\t\t\t<div class=\"elementor-widget-container\">\n\t\t\t\t\t\t\t\t\t<p>GARANTE O TEU FUTURO<\/p><p>\u00a0<\/p>\t\t\t\t\t\t\t\t<\/div>\n\t\t\t\t<\/div>\n\t\t\t\t<div class=\"elementor-element elementor-element-e8495fa elementor-widget elementor-widget-text-editor\" data-id=\"e8495fa\" data-element_type=\"widget\" data-widget_type=\"text-editor.default\">\n\t\t\t\t<div class=\"elementor-widget-container\">\n\t\t\t\t\t\t\t\t\t<p>COM UMA FORMA\u00c7\u00c3O S\u00d3LIDA<\/p>\t\t\t\t\t\t\t\t<\/div>\n\t\t\t\t<\/div>\n\t\t\t\t<div class=\"elementor-element elementor-element-84b2999 elementor-align-center elementor-widget elementor-widget-tm-separator\" data-id=\"84b2999\" data-element_type=\"widget\" data-widget_type=\"tm-separator.default\">\n\t\t\t\t<div class=\"elementor-widget-container\">\n\t\t\t\t\t\t\t<div class=\"tm-separator horizontal-line\">\n\t\t\t<div class=\"inner\"><\/div>\n\t\t<\/div>\n\t\t\t\t\t\t<\/div>\n\t\t\t\t<\/div>\n\t\t\t\t\t<\/div>\n\t\t<\/div>\n\t\t\t\t\t<\/div>\n\t\t<\/section>\n\t\t\t\t<\/div>\n\t\t","protected":false},"excerpt":{"rendered":"<p>GARANTE O TEU FUTURO \u00a0 COM UMA FORMA\u00c7\u00c3O S\u00d3LIDA<\/p>\n","protected":false},"author":1,"featured_media":0,"parent":0,"menu_order":0,"comment_status":"closed","ping_status":"closed","template":"","meta":{"footnotes":""},"class_list":["post-3965","page","type-page","status-publish","hentry","post-no-thumbnail"],"_links":{"self":[{"href":"https:\/\/ismma.ac.mz\/site\/wp-json\/wp\/v2\/pages\/3965","targetHints":{"allow":["GET"]}}],"collection":[{"href":"https:\/\/ismma.ac.mz\/site\/wp-json\/wp\/v2\/pages"}],"about":[{"href":"https:\/\/ismma.ac.mz\/site\/wp-json\/wp\/v2\/types\/page"}],"author":[{"embeddable":true,"href":"https:\/\/ismma.ac.mz\/site\/wp-json\/wp\/v2\/users\/1"}],"replies":[{"embeddable":true,"href":"https:\/\/ismma.ac.mz\/site\/wp-json\/wp\/v2\/comments?post=3965"}],"version-history":[{"count":0,"href":"https:\/\/ismma.ac.mz\/site\/wp-json\/wp\/v2\/pages\/3965\/revisions"}],"wp:attachment":[{"href":"https:\/\/ismma.ac.mz\/site\/wp-json\/wp\/v2\/media?parent=3965"}],"curies":[{"name":"wp","href":"https:\/\/api.w.org\/{rel}","templated":true}]}}