{"id":3962,"date":"2022-06-10T12:28:55","date_gmt":"2022-06-10T10:28:55","guid":{"rendered":"https:\/\/ismma.ac.mz\/site\/?page_id=3962"},"modified":"2022-08-01T08:57:17","modified_gmt":"2022-08-01T06:57:17","slug":"mestrados","status":"publish","type":"page","link":"https:\/\/ismma.ac.mz\/site\/mestrados\/","title":{"rendered":"Mestrados"},"content":{"rendered":"\t\t<div data-elementor-type=\"wp-page\" data-elementor-id=\"3962\" class=\"elementor elementor-3962\">\n\t\t\t\t\t\t<section class=\"elementor-section elementor-top-section elementor-element elementor-element-9ebbdc2 elementor-section-boxed elementor-section-gap-beside-yes elementor-section-height-default elementor-section-height-default elementor-section-column-vertical-align-stretch\" data-id=\"9ebbdc2\" data-element_type=\"section\">\n\t\t\t\t\t\t<div class=\"elementor-container elementor-column-gap-extended\">\n\t\t\t\t\t<div class=\"elementor-column elementor-col-100 elementor-top-column elementor-element elementor-element-3451cb6\" data-id=\"3451cb6\" data-element_type=\"column\">\n\t\t\t<div class=\"elementor-widget-wrap elementor-element-populated\">\n\t\t\t\t\t\t<div class=\"elementor-element elementor-element-cdeb653 elementor-widget elementor-widget-toggle\" data-id=\"cdeb653\" data-element_type=\"widget\" data-widget_type=\"toggle.default\">\n\t\t\t\t<div class=\"elementor-widget-container\">\n\t\t\t\t\t\t\t<div class=\"elementor-toggle\">\n\t\t\t\t\t\t\t<div class=\"elementor-toggle-item\">\n\t\t\t\t\t<div id=\"elementor-tab-title-2151\" class=\"elementor-tab-title\" data-tab=\"1\" role=\"button\" aria-controls=\"elementor-tab-content-2151\" aria-expanded=\"false\">\n\t\t\t\t\t\t\t\t\t\t\t\t<span class=\"elementor-toggle-icon elementor-toggle-icon-left\" aria-hidden=\"true\">\n\t\t\t\t\t\t\t\t\t\t\t\t\t\t\t<span class=\"elementor-toggle-icon-closed\"><i class=\"fas fa-caret-right\"><\/i><\/span>\n\t\t\t\t\t\t\t\t<span class=\"elementor-toggle-icon-opened\"><i class=\"elementor-toggle-icon-opened fas fa-caret-up\"><\/i><\/span>\n\t\t\t\t\t\t\t\t\t\t\t\t\t<\/span>\n\t\t\t\t\t\t\t\t\t\t\t\t<a class=\"elementor-toggle-title\" tabindex=\"0\">Mestrado em Servi\u00e7o Social<\/a>\n\t\t\t\t\t<\/div>\n\n\t\t\t\t\t<div id=\"elementor-tab-content-2151\" class=\"elementor-tab-content elementor-clearfix\" data-tab=\"1\" role=\"region\" aria-labelledby=\"elementor-tab-title-2151\"><p><strong>Grau Acad\u00e9mico<\/strong><\/p><p>Mestrado<\/p><p><strong>Dura\u00e7\u00e3o do Curso<\/strong><\/p><p>2 anos (com possibilidade de mais 1 ano de extens\u00e3o)<\/p><p><strong>Regime do Estudo<\/strong><\/p><p>Semi- Presencial e Modular (comporta a presen\u00e7a do estudante nas aulas de contacto directo com Docentes dos v\u00e1rios m\u00f3dulos e semin\u00e1rios, e estudo e pesquisa pessoal)<\/p><p><strong>Perfil<\/strong><\/p><p>O mestre em Servi\u00e7o Social \u00e9 um profissional que possui compet\u00eancias de an\u00e1lise de pol\u00edticas, mas tamb\u00e9m de pr\u00e1ticas de interven\u00e7\u00e3o para uma maior din\u00e2mica de integra\u00e7\u00e3o social dos diferentes grupos sociais.<\/p><p>Aplicando teorias de desenvolvimento humano, sociologia, psicologia e antropologia, e m\u00e9todos de Servi\u00e7o Social, ter\u00e1 capacidade de realizar ac\u00e7\u00f5es que conduzam \u00e0 mudan\u00e7a social no dom\u00ednio individual, familiar, comunit\u00e1rio e institucional, para que indiv\u00edduos, fam\u00edlias e comunidades sejam capazes de se enquadrarem numa sociedade influenciada por mudan\u00e7as ao n\u00edvel nacional, regional e global.<\/p><p><strong>Compet\u00eancias<\/strong><\/p><p>O mestre em Servi\u00e7o Social ter\u00e1 uma base s\u00f3lida de compet\u00eancias te\u00f3ricas e pr\u00e1ticas em ci\u00eancias sociais, de modo que esteja habilitado para:<\/p><ul><li>Integrar conhecimento, m\u00e9todos e valores \u00e9ticos na sua actua\u00e7\u00e3o com indiv\u00edduos, fam\u00edlias, grupos e comunidades, promovendo os direitos humanos e o acesso aos servi\u00e7os sociais b\u00e1sicos, bem como a participa\u00e7\u00e3o activa no desenvolvimento das suas comunidades e do pa\u00eds;<\/li><li>Analisar de forma critica as conjunturas e fen\u00f3menos sociais, no contexto regional (\u00c1frica Austral), continental e global;<\/li><li>Liderar, planificar e gerir ac\u00e7\u00f5es de desenvolvimento de sistemas de provid\u00eancia de servi\u00e7os sociais p\u00fablicos e privados, e outras pol\u00edticas sociais sectoriais;<\/li><li>Contribuir para o desenvolvimento de an\u00e1lise cr\u00edtica e conhecimento cient\u00edfico na \u00e1rea de Servi\u00e7o Social, atrav\u00e9s de trabalhos de investiga\u00e7\u00e3o e pesquisa;<\/li><\/ul><p><strong>Sa\u00eddas Profissionais<\/strong><\/p><p>Os campos de actua\u00e7\u00e3o do mestre em Servi\u00e7o Social cobrem a presta\u00e7\u00e3o directa de servi\u00e7os sociais, planeamento de pol\u00edticas sociais sectoriais, execu\u00e7\u00e3o de pol\u00edticas sociais sectoriais, gest\u00e3o de servi\u00e7os na esfera p\u00fablica e privada, ac\u00e7\u00f5es socioeducativas, assessoria e consultoria em processos decis\u00f3rios, assessoria e consultoria a movimentos sociais, actividades burocr\u00e1tico-administrativas, actividades de doc\u00eancia e forma\u00e7\u00e3o, dentre outras. As institui\u00e7\u00f5es em refer\u00eancia podem ser:<\/p><ul><li>\u00d3rg\u00e3os de Assist\u00eancia e Previd\u00eancia Social P\u00fablica: \u00d3rg\u00e3os Governamentais respons\u00e1veis pela provid\u00eancia do bem-estar social: Minist\u00e9rio do G\u00e9nero, Crian\u00e7a e Ac\u00e7\u00e3o Social, Instituto Nacional de Ac\u00e7\u00e3o Social, Instituto Nacional de Seguran\u00e7a Social, Centros de Atendimento \u00e0 popula\u00e7\u00e3o em situa\u00e7\u00e3o vulner\u00e1vel e risco social (crian\u00e7as, adolescentes, pessoa idoso, emigrantes, dentre outros grupos);<\/li><li>Sa\u00fade p\u00fablica e privada: Direc\u00e7\u00f5es Nacionais e Provinciais de Sa\u00fade, Unidades Sanit\u00e1rias incluindo Hospitais e Centros de Sa\u00fade, Cl\u00ednicas, Ambulat\u00f3rios, Servi\u00e7os de Psiquiatria, Maternidade, Pediatria, Centros de Reabilita\u00e7\u00e3o de v\u00e1rios tipos;<\/li><li>\u00c1rea Empresarial: Empresas e F\u00e1bricas na \u00e1rea de desenvolvimento dos recursos humanos;<\/li><li>Habita\u00e7\u00e3o: \u00d3rg\u00e3os de planeamento habitacional e reassentamento humano;<\/li><li>Educa\u00e7\u00e3o: Direc\u00e7\u00f5es Nacionais e Provinciais da Educa\u00e7\u00e3o, Escolas P\u00fablicas e Privadas, Institui\u00e7\u00f5es de Educa\u00e7\u00e3o Especial, Centros de readapta\u00e7\u00e3o de crian\u00e7as, Universidades;<\/li><li>\u00c1rea sociojur\u00eddica: \u00d3rg\u00e3os de assist\u00eancia jur\u00eddica ao P\u00fablica, Esquadras (Centro de Atendimento a Fam\u00edlia e Menores V\u00edtimas de Viol\u00eancia Dom\u00e9stica, Programas de reabilita\u00e7\u00e3o moral dos reclusos), Quart\u00e9is das For\u00e7as Armadas, Tribunais de Justi\u00e7a, Procuradorias;<\/li><li>Unidades Sociais: Centros Infantis, Infant\u00e1rios, Internatos, Centros de Acolhimento, Centros de Apoio \u00e0 velhice, Centros Abertos;<\/li><li>Sociedade Civil e Comunidades: Organiza\u00e7\u00f5es N\u00e3o-Governamentais, Associa\u00e7\u00f5es e Cooperativas Rurais e Urbanas;<\/li><li>Pol\u00edticas P\u00fablicas: Conselho dos Direitos da Crian\u00e7a e do Adolescente, Conselhos de Sa\u00fade, Conselhos da Assist\u00eancia Social.<\/li><\/ul><\/div>\n\t\t\t\t<\/div>\n\t\t\t\t\t\t\t\t<\/div>\n\t\t\t\t\t\t<\/div>\n\t\t\t\t<\/div>\n\t\t\t\t\t<\/div>\n\t\t<\/div>\n\t\t\t\t\t<\/div>\n\t\t<\/section>\n\t\t\t\t<section class=\"elementor-section elementor-top-section elementor-element elementor-element-94732f4 elementor-section-full_width elementor-section-gap-beside-yes elementor-section-height-default elementor-section-height-default elementor-section-content-align-center elementor-section-column-vertical-align-stretch\" data-id=\"94732f4\" data-element_type=\"section\">\n\t\t\t\t\t\t<div class=\"elementor-container elementor-column-gap-extended\">\n\t\t\t\t\t<div class=\"elementor-column elementor-col-100 elementor-top-column elementor-element elementor-element-faff9eb\" data-id=\"faff9eb\" data-element_type=\"column\" data-settings=\"{&quot;background_background&quot;:&quot;classic&quot;}\">\n\t\t\t<div class=\"elementor-widget-wrap elementor-element-populated\">\n\t\t\t\t\t\t<div class=\"elementor-element elementor-element-036606d elementor-absolute elementor-widget elementor-widget-text-editor\" data-id=\"036606d\" data-element_type=\"widget\" data-settings=\"{&quot;_position&quot;:&quot;absolute&quot;}\" data-widget_type=\"text-editor.default\">\n\t\t\t\t<div class=\"elementor-widget-container\">\n\t\t\t\t\t\t\t\t\t<p>GARANTE O TEU FUTURO<\/p><p>\u00a0<\/p>\t\t\t\t\t\t\t\t<\/div>\n\t\t\t\t<\/div>\n\t\t\t\t<div class=\"elementor-element elementor-element-4073d77 elementor-widget elementor-widget-text-editor\" data-id=\"4073d77\" data-element_type=\"widget\" data-widget_type=\"text-editor.default\">\n\t\t\t\t<div class=\"elementor-widget-container\">\n\t\t\t\t\t\t\t\t\t<p>COM UMA FORMA\u00c7\u00c3O S\u00d3LIDA<\/p>\t\t\t\t\t\t\t\t<\/div>\n\t\t\t\t<\/div>\n\t\t\t\t<div class=\"elementor-element elementor-element-b68635e elementor-align-center elementor-widget elementor-widget-tm-separator\" data-id=\"b68635e\" data-element_type=\"widget\" data-widget_type=\"tm-separator.default\">\n\t\t\t\t<div class=\"elementor-widget-container\">\n\t\t\t\t\t\t\t<div class=\"tm-separator horizontal-line\">\n\t\t\t<div class=\"inner\"><\/div>\n\t\t<\/div>\n\t\t\t\t\t\t<\/div>\n\t\t\t\t<\/div>\n\t\t\t\t\t<\/div>\n\t\t<\/div>\n\t\t\t\t\t<\/div>\n\t\t<\/section>\n\t\t\t\t<\/div>\n\t\t","protected":false},"excerpt":{"rendered":"<p>Mestrado em Servi\u00e7o Social Grau Acad\u00e9mico Mestrado Dura\u00e7\u00e3o do Curso 2 anos (com possibilidade de mais 1 ano de extens\u00e3o) Regime do Estudo Semi- Presencial e Modular (comporta a presen\u00e7a do estudante nas aulas de contacto directo com Docentes dos v\u00e1rios m\u00f3dulos e semin\u00e1rios, e estudo e pesquisa pessoal) Perfil O mestre em Servi\u00e7o Social \u00e9 um profissional que possui compet\u00eancias de an\u00e1lise de pol\u00edticas, mas tamb\u00e9m de pr\u00e1ticas de interven\u00e7\u00e3o para uma maior din\u00e2mica de integra\u00e7\u00e3o social dos diferentes grupos sociais. Aplicando teorias de desenvolvimento humano, sociologia, psicologia e antropologia, e m\u00e9todos de Servi\u00e7o Social, ter\u00e1 capacidade de realizar ac\u00e7\u00f5es que conduzam \u00e0 mudan\u00e7a social no dom\u00ednio individual, familiar, comunit\u00e1rio e institucional, para que indiv\u00edduos, fam\u00edlias e comunidades sejam capazes de se enquadrarem numa sociedade influenciada por mudan\u00e7as ao n\u00edvel nacional, regional e global. Compet\u00eancias O mestre em Servi\u00e7o Social ter\u00e1 uma base s\u00f3lida de compet\u00eancias te\u00f3ricas e pr\u00e1ticas em ci\u00eancias sociais, de modo que esteja habilitado para: Integrar conhecimento, m\u00e9todos e valores \u00e9ticos na sua actua\u00e7\u00e3o com indiv\u00edduos, fam\u00edlias, grupos e comunidades, promovendo os direitos humanos e o acesso aos servi\u00e7os sociais b\u00e1sicos, bem como a participa\u00e7\u00e3o activa no desenvolvimento das suas comunidades e do pa\u00eds; Analisar de forma critica as conjunturas e fen\u00f3menos sociais, no contexto regional (\u00c1frica Austral), continental e global; Liderar, planificar e gerir ac\u00e7\u00f5es de desenvolvimento de sistemas de provid\u00eancia de servi\u00e7os sociais p\u00fablicos e privados, e outras pol\u00edticas sociais sectoriais; Contribuir para o desenvolvimento de an\u00e1lise cr\u00edtica e conhecimento cient\u00edfico na \u00e1rea de Servi\u00e7o Social, atrav\u00e9s de trabalhos de investiga\u00e7\u00e3o e pesquisa; Sa\u00eddas Profissionais Os campos de actua\u00e7\u00e3o do mestre em Servi\u00e7o Social cobrem a presta\u00e7\u00e3o directa de servi\u00e7os sociais, planeamento de pol\u00edticas sociais sectoriais, execu\u00e7\u00e3o de pol\u00edticas sociais sectoriais, gest\u00e3o de servi\u00e7os na esfera p\u00fablica e privada, ac\u00e7\u00f5es socioeducativas, assessoria e consultoria em processos decis\u00f3rios, assessoria e consultoria a movimentos sociais, actividades burocr\u00e1tico-administrativas, actividades de doc\u00eancia e forma\u00e7\u00e3o, dentre outras. As institui\u00e7\u00f5es em refer\u00eancia podem ser: \u00d3rg\u00e3os de Assist\u00eancia e Previd\u00eancia Social P\u00fablica: \u00d3rg\u00e3os Governamentais respons\u00e1veis pela provid\u00eancia do bem-estar social: Minist\u00e9rio do G\u00e9nero, Crian\u00e7a e Ac\u00e7\u00e3o Social, Instituto Nacional de Ac\u00e7\u00e3o Social, Instituto Nacional de Seguran\u00e7a Social, Centros de Atendimento \u00e0 popula\u00e7\u00e3o em situa\u00e7\u00e3o vulner\u00e1vel e risco social (crian\u00e7as, adolescentes, pessoa idoso, emigrantes, dentre outros grupos); Sa\u00fade p\u00fablica e privada: Direc\u00e7\u00f5es Nacionais e Provinciais de Sa\u00fade, Unidades Sanit\u00e1rias incluindo Hospitais e Centros de Sa\u00fade, Cl\u00ednicas, Ambulat\u00f3rios, Servi\u00e7os de Psiquiatria, Maternidade, Pediatria, Centros de Reabilita\u00e7\u00e3o de v\u00e1rios tipos; \u00c1rea Empresarial: Empresas e F\u00e1bricas na \u00e1rea de desenvolvimento dos recursos humanos; Habita\u00e7\u00e3o: \u00d3rg\u00e3os de planeamento habitacional e reassentamento humano; Educa\u00e7\u00e3o: Direc\u00e7\u00f5es Nacionais e Provinciais da Educa\u00e7\u00e3o, Escolas P\u00fablicas e Privadas, Institui\u00e7\u00f5es de Educa\u00e7\u00e3o Especial, Centros de readapta\u00e7\u00e3o de crian\u00e7as, Universidades; \u00c1rea sociojur\u00eddica: \u00d3rg\u00e3os de assist\u00eancia jur\u00eddica ao P\u00fablica, Esquadras (Centro de Atendimento a Fam\u00edlia e Menores V\u00edtimas de Viol\u00eancia Dom\u00e9stica, Programas de reabilita\u00e7\u00e3o moral dos reclusos), Quart\u00e9is das For\u00e7as Armadas, Tribunais de Justi\u00e7a, Procuradorias; Unidades Sociais: Centros Infantis, Infant\u00e1rios, Internatos, Centros de Acolhimento, Centros de Apoio \u00e0 velhice, Centros Abertos; Sociedade Civil e Comunidades: Organiza\u00e7\u00f5es N\u00e3o-Governamentais, Associa\u00e7\u00f5es e Cooperativas Rurais e Urbanas; Pol\u00edticas P\u00fablicas: Conselho dos Direitos da Crian\u00e7a e do Adolescente, Conselhos de Sa\u00fade, Conselhos da Assist\u00eancia Social. GARANTE O TEU FUTURO \u00a0 COM UMA FORMA\u00c7\u00c3O S\u00d3LIDA<\/p>\n","protected":false},"author":1,"featured_media":0,"parent":0,"menu_order":0,"comment_status":"closed","ping_status":"closed","template":"","meta":{"footnotes":""},"class_list":["post-3962","page","type-page","status-publish","hentry","post-no-thumbnail"],"_links":{"self":[{"href":"https:\/\/ismma.ac.mz\/site\/wp-json\/wp\/v2\/pages\/3962","targetHints":{"allow":["GET"]}}],"collection":[{"href":"https:\/\/ismma.ac.mz\/site\/wp-json\/wp\/v2\/pages"}],"about":[{"href":"https:\/\/ismma.ac.mz\/site\/wp-json\/wp\/v2\/types\/page"}],"author":[{"embeddable":true,"href":"https:\/\/ismma.ac.mz\/site\/wp-json\/wp\/v2\/users\/1"}],"replies":[{"embeddable":true,"href":"https:\/\/ismma.ac.mz\/site\/wp-json\/wp\/v2\/comments?post=3962"}],"version-history":[{"count":0,"href":"https:\/\/ismma.ac.mz\/site\/wp-json\/wp\/v2\/pages\/3962\/revisions"}],"wp:attachment":[{"href":"https:\/\/ismma.ac.mz\/site\/wp-json\/wp\/v2\/media?parent=3962"}],"curies":[{"name":"wp","href":"https:\/\/api.w.org\/{rel}","templated":true}]}}