{"id":3514,"date":"2022-05-13T10:41:03","date_gmt":"2022-05-13T08:41:03","guid":{"rendered":"https:\/\/ismma.ac.mz\/site\/?page_id=3514"},"modified":"2025-02-05T12:24:14","modified_gmt":"2025-02-05T10:24:14","slug":"orgaos-de-gestao","status":"publish","type":"page","link":"https:\/\/ismma.ac.mz\/site\/orgaos-de-gestao\/","title":{"rendered":"Org\u00e3os de Gest\u00e3o"},"content":{"rendered":"\t\t<div data-elementor-type=\"wp-page\" data-elementor-id=\"3514\" class=\"elementor elementor-3514\">\n\t\t\t\t\t\t<section class=\"elementor-section elementor-top-section elementor-element elementor-element-992c367 elementor-section-boxed elementor-section-gap-beside-yes elementor-section-height-default elementor-section-height-default elementor-section-column-vertical-align-stretch\" data-id=\"992c367\" data-element_type=\"section\">\n\t\t\t\t\t\t<div class=\"elementor-container elementor-column-gap-extended\">\n\t\t\t\t\t<div class=\"elementor-column elementor-col-100 elementor-top-column elementor-element elementor-element-2e920ae\" data-id=\"2e920ae\" data-element_type=\"column\">\n\t\t\t<div class=\"elementor-widget-wrap elementor-element-populated\">\n\t\t\t\t\t\t<div class=\"elementor-element elementor-element-1911f55 elementor-widget elementor-widget-image\" data-id=\"1911f55\" data-element_type=\"widget\" data-widget_type=\"image.default\">\n\t\t\t\t<div class=\"elementor-widget-container\">\n\t\t\t\t\t\t\t\t\t\t\t\t\t\t\t<img decoding=\"async\" src=\"https:\/\/ismma.ac.mz\/site\/wp-content\/uploads\/2025\/01\/ORGANOGRAMA-ATUALIZADO-ISMMA-2025.xlsx\" title=\"\" alt=\"\" loading=\"lazy\" \/>\t\t\t\t\t\t\t\t\t\t\t\t\t\t\t<\/div>\n\t\t\t\t<\/div>\n\t\t\t\t<div class=\"elementor-element elementor-element-4b21188 elementor-widget elementor-widget-image\" data-id=\"4b21188\" data-element_type=\"widget\" data-widget_type=\"image.default\">\n\t\t\t\t<div class=\"elementor-widget-container\">\n\t\t\t\t\t\t\t\t\t\t\t\t\t\t\t<img fetchpriority=\"high\" decoding=\"async\" width=\"640\" height=\"614\" src=\"https:\/\/ismma.ac.mz\/site\/wp-content\/uploads\/2025\/02\/Sem-titulo-1024x982.png\" class=\"attachment-large size-large wp-image-5626\" alt=\"\" srcset=\"https:\/\/ismma.ac.mz\/site\/wp-content\/uploads\/2025\/02\/Sem-titulo-1024x982.png 1024w, https:\/\/ismma.ac.mz\/site\/wp-content\/uploads\/2025\/02\/Sem-titulo-300x288.png 300w, https:\/\/ismma.ac.mz\/site\/wp-content\/uploads\/2025\/02\/Sem-titulo-768x737.png 768w, https:\/\/ismma.ac.mz\/site\/wp-content\/uploads\/2025\/02\/Sem-titulo-1536x1474.png 1536w, https:\/\/ismma.ac.mz\/site\/wp-content\/uploads\/2025\/02\/Sem-titulo-2048x1965.png 2048w\" sizes=\"(max-width: 640px) 100vw, 640px\" \/>\t\t\t\t\t\t\t\t\t\t\t\t\t\t\t<\/div>\n\t\t\t\t<\/div>\n\t\t\t\t\t<\/div>\n\t\t<\/div>\n\t\t\t\t\t<\/div>\n\t\t<\/section>\n\t\t\t\t<section class=\"elementor-section elementor-top-section elementor-element elementor-element-d03c132 elementor-section-full_width elementor-section-gap-beside-yes elementor-section-height-default elementor-section-height-default elementor-section-content-align-center elementor-section-column-vertical-align-stretch\" data-id=\"d03c132\" data-element_type=\"section\">\n\t\t\t\t\t\t<div class=\"elementor-container elementor-column-gap-extended\">\n\t\t\t\t\t<div class=\"elementor-column elementor-col-100 elementor-top-column elementor-element elementor-element-5ad80d2\" data-id=\"5ad80d2\" data-element_type=\"column\" data-settings=\"{&quot;background_background&quot;:&quot;classic&quot;}\">\n\t\t\t<div class=\"elementor-widget-wrap elementor-element-populated\">\n\t\t\t\t\t\t<div class=\"elementor-element elementor-element-96f0763 elementor-absolute elementor-widget elementor-widget-text-editor\" data-id=\"96f0763\" data-element_type=\"widget\" data-settings=\"{&quot;_position&quot;:&quot;absolute&quot;}\" data-widget_type=\"text-editor.default\">\n\t\t\t\t<div class=\"elementor-widget-container\">\n\t\t\t\t\t\t\t\t\t<p>GARANTE O TEU FUTURO<\/p><p>\u00a0<\/p>\t\t\t\t\t\t\t\t<\/div>\n\t\t\t\t<\/div>\n\t\t\t\t<div class=\"elementor-element elementor-element-44bd511 elementor-widget elementor-widget-text-editor\" data-id=\"44bd511\" data-element_type=\"widget\" data-widget_type=\"text-editor.default\">\n\t\t\t\t<div class=\"elementor-widget-container\">\n\t\t\t\t\t\t\t\t\t<p>COM UMA FORMA\u00c7\u00c3O S\u00d3LIDA<\/p>\t\t\t\t\t\t\t\t<\/div>\n\t\t\t\t<\/div>\n\t\t\t\t<div class=\"elementor-element elementor-element-aa0082f elementor-align-center elementor-widget elementor-widget-tm-separator\" data-id=\"aa0082f\" data-element_type=\"widget\" data-widget_type=\"tm-separator.default\">\n\t\t\t\t<div class=\"elementor-widget-container\">\n\t\t\t\t\t\t\t<div class=\"tm-separator horizontal-line\">\n\t\t\t<div class=\"inner\"><\/div>\n\t\t<\/div>\n\t\t\t\t\t\t<\/div>\n\t\t\t\t<\/div>\n\t\t\t\t\t<\/div>\n\t\t<\/div>\n\t\t\t\t\t<\/div>\n\t\t<\/section>\n\t\t\t\t<\/div>\n\t\t","protected":false},"excerpt":{"rendered":"<p>GARANTE O TEU FUTURO \u00a0 COM UMA FORMA\u00c7\u00c3O S\u00d3LIDA<\/p>\n","protected":false},"author":1,"featured_media":0,"parent":0,"menu_order":0,"comment_status":"closed","ping_status":"closed","template":"","meta":{"footnotes":""},"class_list":["post-3514","page","type-page","status-publish","hentry","post-no-thumbnail"],"_links":{"self":[{"href":"https:\/\/ismma.ac.mz\/site\/wp-json\/wp\/v2\/pages\/3514","targetHints":{"allow":["GET"]}}],"collection":[{"href":"https:\/\/ismma.ac.mz\/site\/wp-json\/wp\/v2\/pages"}],"about":[{"href":"https:\/\/ismma.ac.mz\/site\/wp-json\/wp\/v2\/types\/page"}],"author":[{"embeddable":true,"href":"https:\/\/ismma.ac.mz\/site\/wp-json\/wp\/v2\/users\/1"}],"replies":[{"embeddable":true,"href":"https:\/\/ismma.ac.mz\/site\/wp-json\/wp\/v2\/comments?post=3514"}],"version-history":[{"count":6,"href":"https:\/\/ismma.ac.mz\/site\/wp-json\/wp\/v2\/pages\/3514\/revisions"}],"predecessor-version":[{"id":5632,"href":"https:\/\/ismma.ac.mz\/site\/wp-json\/wp\/v2\/pages\/3514\/revisions\/5632"}],"wp:attachment":[{"href":"https:\/\/ismma.ac.mz\/site\/wp-json\/wp\/v2\/media?parent=3514"}],"curies":[{"name":"wp","href":"https:\/\/api.w.org\/{rel}","templated":true}]}}