{"id":1458,"date":"2021-03-08T07:10:59","date_gmt":"2021-03-08T07:10:59","guid":{"rendered":""},"modified":"2025-07-01T13:34:10","modified_gmt":"2025-07-01T11:34:10","slug":"alumni","status":"publish","type":"page","link":"https:\/\/ismma.ac.mz\/site\/alumni\/","title":{"rendered":"Alumni"},"content":{"rendered":"\t\t<div data-elementor-type=\"wp-page\" data-elementor-id=\"1458\" class=\"elementor elementor-1458\">\n\t\t\t\t\t\t<section class=\"elementor-section elementor-top-section elementor-element elementor-element-1b8cd93 elementor-section-boxed elementor-section-gap-beside-yes elementor-section-height-default elementor-section-height-default elementor-section-column-vertical-align-stretch\" data-id=\"1b8cd93\" data-element_type=\"section\">\n\t\t\t\t\t\t<div class=\"elementor-container elementor-column-gap-extended\">\n\t\t\t\t\t<div class=\"elementor-column elementor-col-100 elementor-top-column elementor-element elementor-element-d8938e8\" data-id=\"d8938e8\" data-element_type=\"column\">\n\t\t\t<div class=\"elementor-widget-wrap elementor-element-populated\">\n\t\t\t\t\t\t<div class=\"elementor-element elementor-element-5cad323 elementor-widget elementor-widget-heading\" data-id=\"5cad323\" data-element_type=\"widget\" data-widget_type=\"heading.default\">\n\t\t\t\t<div class=\"elementor-widget-container\">\n\t\t\t\t\t<h2 class=\"elementor-heading-title elementor-size-default\"><br><h2 data-elementor-setting-key=\"title\" data-pen-placeholder=\"Digite aqui...\" style=\"color: rgb(221, 153, 51); font-weight: 700; letter-spacing: normal; text-align: center;\">Testemunhos <\/h2><\/h2>\t\t\t\t<\/div>\n\t\t\t\t<\/div>\n\t\t\t\t\t<\/div>\n\t\t<\/div>\n\t\t\t\t\t<\/div>\n\t\t<\/section>\n\t\t\t\t<section class=\"elementor-section elementor-top-section elementor-element elementor-element-f17cc36 elementor-section-boxed elementor-section-gap-beside-yes elementor-section-height-default elementor-section-height-default elementor-section-column-vertical-align-stretch\" data-id=\"f17cc36\" data-element_type=\"section\">\n\t\t\t\t\t\t<div class=\"elementor-container elementor-column-gap-extended\">\n\t\t\t\t\t<div class=\"elementor-column elementor-col-100 elementor-top-column elementor-element elementor-element-4f4bf48\" data-id=\"4f4bf48\" data-element_type=\"column\">\n\t\t\t<div class=\"elementor-widget-wrap elementor-element-populated\">\n\t\t\t\t\t\t<section class=\"elementor-section elementor-inner-section elementor-element elementor-element-c6c8a50 elementor-section-boxed elementor-section-gap-beside-yes elementor-section-height-default elementor-section-height-default elementor-section-column-vertical-align-stretch\" data-id=\"c6c8a50\" data-element_type=\"section\">\n\t\t\t\t\t\t<div class=\"elementor-container elementor-column-gap-extended\">\n\t\t\t\t\t<div class=\"elementor-column elementor-col-50 elementor-inner-column elementor-element elementor-element-b3218ea\" data-id=\"b3218ea\" data-element_type=\"column\">\n\t\t\t<div class=\"elementor-widget-wrap elementor-element-populated\">\n\t\t\t\t\t\t<div class=\"elementor-element elementor-element-54c616a elementor-testimonial--skin-bubble elementor-testimonial--layout-image_inline elementor-arrows-yes elementor-pagination-type-bullets elementor-widget elementor-widget-testimonial-carousel\" data-id=\"54c616a\" data-element_type=\"widget\" data-settings=\"{&quot;space_between&quot;:{&quot;unit&quot;:&quot;px&quot;,&quot;size&quot;:&quot;&quot;,&quot;sizes&quot;:[]},&quot;slides_per_view&quot;:&quot;1&quot;,&quot;slides_to_scroll&quot;:&quot;1&quot;,&quot;show_arrows&quot;:&quot;yes&quot;,&quot;pagination&quot;:&quot;bullets&quot;,&quot;speed&quot;:500,&quot;autoplay&quot;:&quot;yes&quot;,&quot;autoplay_speed&quot;:5000,&quot;loop&quot;:&quot;yes&quot;,&quot;pause_on_hover&quot;:&quot;yes&quot;,&quot;pause_on_interaction&quot;:&quot;yes&quot;,&quot;space_between_tablet&quot;:{&quot;unit&quot;:&quot;px&quot;,&quot;size&quot;:10,&quot;sizes&quot;:[]},&quot;space_between_mobile&quot;:{&quot;unit&quot;:&quot;px&quot;,&quot;size&quot;:10,&quot;sizes&quot;:[]}}\" data-widget_type=\"testimonial-carousel.default\">\n\t\t\t\t<div class=\"elementor-widget-container\">\n\t\t\t\t\t\t\t<div class=\"elementor-swiper\">\n\t\t\t<div class=\"elementor-main-swiper swiper-container\">\n\t\t\t\t<div class=\"swiper-wrapper\">\n\t\t\t\t\t\t\t\t\t\t\t<div class=\"swiper-slide\">\n\t\t\t\t\t\t\t\t\t<div class=\"elementor-testimonial\">\n\t\t\t\t\t\t\t<div class=\"elementor-testimonial__content\">\n\t\t\t\t\t<div class=\"elementor-testimonial__text\">\n\t\t\t\t\t\tFazer parte da Fam\u00edlia ISMMA tem sido excepcional para mim, primeiro pelo facto de ser uma Institui\u00e7\u00e3o Religiosa, com doutrina forte e que ajuda os estudantes na maneira de ser e estar dos alunos! Escolhi fazer o Curso de Administra\u00e7\u00e3o P\u00fablica nesta Institui\u00e7\u00e3o porque tem professores Capacitados, Capazes de nos levar no futuro a fazer uma boa gest\u00e3o do estado e da coisa p\u00fablica, no geral. Os Professores do ISMMA se doam ao ensinar, este \u00e9 um diferencial do ISMMA em rela\u00e7\u00e3o outras Institui\u00e7\u00e3o.\t\t\t\t\t<\/div>\n\t\t\t\t\t\t\t\t\t<\/div>\n\t\t\t\t\t\t<div class=\"elementor-testimonial__footer\">\n\t\t\t\t\t\t\t\t<cite class=\"elementor-testimonial__cite\"><span class=\"elementor-testimonial__name\">Alquina de Jesus Cola\u00e7o<\/span><span class=\"elementor-testimonial__title\">Estudante do Curso Administra\u00e7\u00e3o P\u00fablica e Aut\u00e1rquicas- 2\u00b0Ano<\/span><\/cite>\t\t\t<\/div>\n\t\t<\/div>\n\t\t\t\t\t\t\t\t<\/div>\n\t\t\t\t\t\t\t\t\t\t\t<div class=\"swiper-slide\">\n\t\t\t\t\t\t\t\t\t<div class=\"elementor-testimonial\">\n\t\t\t\t\t\t\t<div class=\"elementor-testimonial__content\">\n\t\t\t\t\t<div class=\"elementor-testimonial__text\">\n\t\t\t\t\t\tO ISMMA \u00e9 uma institui\u00e7\u00e3o virada para a forma\u00e7\u00e3o profissional e educa\u00e7\u00e3o religiosa para uma forma\u00e7\u00e3o completa dos jovens, garantindo uma qualidade extra. Estou a frequentar o curso de Administra\u00e7\u00e3o P\u00fablica e Aut\u00e1rquica e n\u00e3o me arrependo da escolha.\t\t\t\t\t<\/div>\n\t\t\t\t\t\t\t\t\t<\/div>\n\t\t\t\t\t\t<div class=\"elementor-testimonial__footer\">\n\t\t\t\t\t\t\t\t<cite class=\"elementor-testimonial__cite\"><span class=\"elementor-testimonial__name\">Afsa Antumane Jabir<\/span><span class=\"elementor-testimonial__title\">Estudante do curso de Administra\u00e7\u00e3o P\u00fablica e Aut\u00e1rquica - Segundo Ano<\/span><\/cite>\t\t\t<\/div>\n\t\t<\/div>\n\t\t\t\t\t\t\t\t<\/div>\n\t\t\t\t\t\t\t\t\t\t\t<div class=\"swiper-slide\">\n\t\t\t\t\t\t\t\t\t<div class=\"elementor-testimonial\">\n\t\t\t\t\t\t\t<div class=\"elementor-testimonial__content\">\n\t\t\t\t\t<div class=\"elementor-testimonial__text\">\n\t\t\t\t\t\tFalar do Instituto Superior Maria M\u00e3e de \u00c1frica, \u00e9 falar de uma Institui\u00e7\u00e3o interactiva, onde o ensino est\u00e1 centralizado e focado para os valores \u00e9ticos e morais que s\u00e3o a base para um conv\u00edvio na sociedade e tamb\u00e9m para o desenvolvimento do estudante, \u00e9 uma escola familiar, aconchegante, onde os docentes, ensinam com amor e carinho. Sinto-me privilegiada por estudar nessa Institui\u00e7\u00e3o. Obrigada.\t\t\t\t\t<\/div>\n\t\t\t\t\t\t\t\t\t<\/div>\n\t\t\t\t\t\t<div class=\"elementor-testimonial__footer\">\n\t\t\t\t\t\t\t\t<cite class=\"elementor-testimonial__cite\"><span class=\"elementor-testimonial__name\">Ver\u00f3nica Bartolomeu Nkavandu<\/span><span class=\"elementor-testimonial__title\">Estudante do curso de Servi\u00e7o Social - 2\u00ba ano<\/span><\/cite>\t\t\t<\/div>\n\t\t<\/div>\n\t\t\t\t\t\t\t\t<\/div>\n\t\t\t\t\t\t\t\t\t<\/div>\n\t\t\t\t\t\t\t\t\t\t\t\t\t\t\t<div class=\"swiper-pagination\"><\/div>\n\t\t\t\t\t\t\t\t\t\t\t\t\t\t\t\t<div class=\"elementor-swiper-button elementor-swiper-button-prev\">\n\t\t\t\t\t\t\t<i aria-hidden=\"true\" class=\"eicon-chevron-left\"><\/i>\t\t\t\t\t\t\t<span class=\"elementor-screen-only\">Previous<\/span>\n\t\t\t\t\t\t<\/div>\n\t\t\t\t\t\t<div class=\"elementor-swiper-button elementor-swiper-button-next\">\n\t\t\t\t\t\t\t<i aria-hidden=\"true\" class=\"eicon-chevron-right\"><\/i>\t\t\t\t\t\t\t<span class=\"elementor-screen-only\">Next<\/span>\n\t\t\t\t\t\t<\/div>\n\t\t\t\t\t\t\t\t\t\t\t\t<\/div>\n\t\t<\/div>\n\t\t\t\t\t\t<\/div>\n\t\t\t\t<\/div>\n\t\t\t\t\t<\/div>\n\t\t<\/div>\n\t\t\t\t<div class=\"elementor-column elementor-col-50 elementor-inner-column elementor-element elementor-element-a995cbb\" data-id=\"a995cbb\" data-element_type=\"column\" data-settings=\"{&quot;animation&quot;:&quot;none&quot;}\">\n\t\t\t<div class=\"elementor-widget-wrap elementor-element-populated\">\n\t\t\t\t\t\t\t<\/div>\n\t\t<\/div>\n\t\t\t\t\t<\/div>\n\t\t<\/section>\n\t\t\t\t\t<\/div>\n\t\t<\/div>\n\t\t\t\t\t<\/div>\n\t\t<\/section>\n\t\t\t\t<section class=\"elementor-section elementor-top-section elementor-element elementor-element-5c8ebc8 elementor-section-boxed elementor-section-gap-beside-yes elementor-section-height-default elementor-section-height-default elementor-section-column-vertical-align-stretch\" data-id=\"5c8ebc8\" data-element_type=\"section\">\n\t\t\t\t\t\t<div class=\"elementor-container elementor-column-gap-extended\">\n\t\t\t\t\t<div class=\"elementor-column elementor-col-100 elementor-top-column elementor-element elementor-element-4f41975\" data-id=\"4f41975\" data-element_type=\"column\">\n\t\t\t<div class=\"elementor-widget-wrap elementor-element-populated\">\n\t\t\t\t\t\t<div class=\"elementor-element elementor-element-bf1c20a elementor-widget elementor-widget-heading\" data-id=\"bf1c20a\" data-element_type=\"widget\" data-widget_type=\"heading.default\">\n\t\t\t\t<div class=\"elementor-widget-container\">\n\t\t\t\t\t<h2 class=\"elementor-heading-title elementor-size-default\"><div class=\"tnp tnp-subscription\">\n<form method=\"post\" action=\"https:\/\/ismma.ac.mz\/site\/?na=s\">\n\n<input type=\"hidden\" name=\"nr\" value=\"page\"><input type=\"hidden\" name=\"nlang\" value=\"\"><div class=\"tnp-field tnp-field-firstname\"><label for=\"tnp-1\">Nome<\/label>\n<input class=\"tnp-name\" type=\"text\" name=\"nn\" id=\"tnp-1\" value=\"\"><\/div>\n<div class=\"tnp-field tnp-field-email\"><label for=\"tnp-2\">Email<\/label>\n<input class=\"tnp-email\" type=\"email\" name=\"ne\" id=\"tnp-2\" value=\"\" required><\/div>\n<div class=\"tnp-field tnp-field-button\"><input class=\"tnp-submit\" type=\"submit\" value=\"Subscrever\" >\n<\/div>\n<\/form>\n<\/div>\n<\/h2>\t\t\t\t<\/div>\n\t\t\t\t<\/div>\n\t\t\t\t\t<\/div>\n\t\t<\/div>\n\t\t\t\t\t<\/div>\n\t\t<\/section>\n\t\t\t\t<section class=\"elementor-section elementor-top-section elementor-element elementor-element-dc16e1a elementor-section-boxed elementor-section-gap-beside-yes elementor-section-height-default elementor-section-height-default elementor-section-column-vertical-align-stretch\" data-id=\"dc16e1a\" data-element_type=\"section\" data-settings=\"{&quot;background_background&quot;:&quot;classic&quot;}\">\n\t\t\t\t\t\t<div class=\"elementor-container elementor-column-gap-extended\">\n\t\t\t\t\t<div class=\"elementor-column elementor-col-100 elementor-top-column elementor-element elementor-element-85662c6\" data-id=\"85662c6\" data-element_type=\"column\">\n\t\t\t<div class=\"elementor-widget-wrap elementor-element-populated\">\n\t\t\t\t\t\t<div class=\"elementor-element elementor-element-3d88c8c elementor-invisible elementor-widget elementor-widget-image\" data-id=\"3d88c8c\" data-element_type=\"widget\" data-settings=\"{&quot;_animation&quot;:&quot;unicampFadeInUp&quot;}\" data-widget_type=\"image.default\">\n\t\t\t\t<div class=\"elementor-widget-container\">\n\t\t\t\t\t\t\t\t\t\t\t\t\t\t\t<img fetchpriority=\"high\" decoding=\"async\" width=\"512\" height=\"512\" src=\"https:\/\/ismma.ac.mz\/site\/wp-content\/uploads\/2022\/05\/cropped-logo-favico-scaled-1.jpg\" class=\"attachment-full size-full wp-image-3450\" alt=\"ismma-logo\" srcset=\"https:\/\/ismma.ac.mz\/site\/wp-content\/uploads\/2022\/05\/cropped-logo-favico-scaled-1.jpg 512w, https:\/\/ismma.ac.mz\/site\/wp-content\/uploads\/2022\/05\/cropped-logo-favico-scaled-1-300x300.jpg 300w, https:\/\/ismma.ac.mz\/site\/wp-content\/uploads\/2022\/05\/cropped-logo-favico-scaled-1-150x150.jpg 150w, https:\/\/ismma.ac.mz\/site\/wp-content\/uploads\/2022\/05\/cropped-logo-favico-scaled-1-270x270.jpg 270w, https:\/\/ismma.ac.mz\/site\/wp-content\/uploads\/2022\/05\/cropped-logo-favico-scaled-1-192x192.jpg 192w, https:\/\/ismma.ac.mz\/site\/wp-content\/uploads\/2022\/05\/cropped-logo-favico-scaled-1-180x180.jpg 180w, https:\/\/ismma.ac.mz\/site\/wp-content\/uploads\/2022\/05\/cropped-logo-favico-scaled-1-32x32.jpg 32w\" sizes=\"(max-width: 512px) 100vw, 512px\" \/>\t\t\t\t\t\t\t\t\t\t\t\t\t\t\t<\/div>\n\t\t\t\t<\/div>\n\t\t\t\t<div class=\"elementor-element elementor-element-2ac7a52 elementor-invisible elementor-widget elementor-widget-tm-heading\" data-id=\"2ac7a52\" data-element_type=\"widget\" data-settings=\"{&quot;_animation&quot;:&quot;unicampFadeInUp&quot;}\" data-widget_type=\"tm-heading.default\">\n\t\t\t\t<div class=\"elementor-widget-container\">\n\t\t\t\t\t\t\t<div class=\"tm-modern-heading\">\n\t\t\t\n\t\t\t\t\t<div class=\"heading-primary-wrap\">\n\t\t\t<h2 class=\"heading-primary elementor-heading-title\">Ligue-se \u00e0 nossa comunidade online global, onde pode construir a sua rede, encontrar pessoas e manter-se actualizado sobre eventos e forma\u00e7\u00f5es<\/h2>\t\t<\/div>\n\t\t\n\t\t\t\n\t\t\t\t\t<\/div>\n\t\t\t\t\t\t<\/div>\n\t\t\t\t<\/div>\n\t\t\t\t\t<\/div>\n\t\t<\/div>\n\t\t\t\t\t<\/div>\n\t\t<\/section>\n\t\t\t\t<section class=\"elementor-section elementor-top-section elementor-element elementor-element-fd61c88 elementor-section-full_width elementor-section-gap-beside-yes elementor-section-height-default elementor-section-height-default elementor-section-content-align-center elementor-section-column-vertical-align-stretch\" data-id=\"fd61c88\" data-element_type=\"section\">\n\t\t\t\t\t\t<div class=\"elementor-container elementor-column-gap-extended\">\n\t\t\t\t\t<div class=\"elementor-column elementor-col-100 elementor-top-column elementor-element elementor-element-faf4fe2\" data-id=\"faf4fe2\" data-element_type=\"column\" data-settings=\"{&quot;background_background&quot;:&quot;classic&quot;}\">\n\t\t\t<div class=\"elementor-widget-wrap elementor-element-populated\">\n\t\t\t\t\t\t<div class=\"elementor-element elementor-element-e11d1fc elementor-absolute elementor-widget elementor-widget-text-editor\" data-id=\"e11d1fc\" data-element_type=\"widget\" data-settings=\"{&quot;_position&quot;:&quot;absolute&quot;}\" data-widget_type=\"text-editor.default\">\n\t\t\t\t<div class=\"elementor-widget-container\">\n\t\t\t\t\t\t\t\t\t<p>GARANTE O TEU FUTURO<\/p><p>\u00a0<\/p>\t\t\t\t\t\t\t\t<\/div>\n\t\t\t\t<\/div>\n\t\t\t\t<div class=\"elementor-element elementor-element-7f216ec elementor-widget elementor-widget-text-editor\" data-id=\"7f216ec\" data-element_type=\"widget\" data-widget_type=\"text-editor.default\">\n\t\t\t\t<div class=\"elementor-widget-container\">\n\t\t\t\t\t\t\t\t\t<p>COM UMA FORMA\u00c7\u00c3O S\u00d3LIDA<\/p>\t\t\t\t\t\t\t\t<\/div>\n\t\t\t\t<\/div>\n\t\t\t\t<div class=\"elementor-element elementor-element-e63c7af elementor-align-center elementor-widget elementor-widget-tm-separator\" data-id=\"e63c7af\" data-element_type=\"widget\" data-widget_type=\"tm-separator.default\">\n\t\t\t\t<div class=\"elementor-widget-container\">\n\t\t\t\t\t\t\t<div class=\"tm-separator horizontal-line\">\n\t\t\t<div class=\"inner\"><\/div>\n\t\t<\/div>\n\t\t\t\t\t\t<\/div>\n\t\t\t\t<\/div>\n\t\t\t\t\t<\/div>\n\t\t<\/div>\n\t\t\t\t\t<\/div>\n\t\t<\/section>\n\t\t\t\t<\/div>\n\t\t","protected":false},"excerpt":{"rendered":"<p>Testemunhos Fazer parte da Fam\u00edlia ISMMA tem sido excepcional para mim, primeiro pelo facto de ser uma Institui\u00e7\u00e3o Religiosa, com doutrina forte e que ajuda os estudantes na maneira de ser e estar dos alunos! Escolhi fazer o Curso de Administra\u00e7\u00e3o P\u00fablica nesta Institui\u00e7\u00e3o porque tem professores Capacitados, Capazes de nos levar no futuro a fazer uma boa gest\u00e3o do estado e da coisa p\u00fablica, no geral. Os Professores do ISMMA se doam ao ensinar, este \u00e9 um diferencial do ISMMA em rela\u00e7\u00e3o outras Institui\u00e7\u00e3o. Alquina de Jesus Cola\u00e7oEstudante do Curso Administra\u00e7\u00e3o P\u00fablica e Aut\u00e1rquicas- 2\u00b0Ano O ISMMA \u00e9 uma institui\u00e7\u00e3o virada para a forma\u00e7\u00e3o profissional e educa\u00e7\u00e3o religiosa para uma forma\u00e7\u00e3o completa dos jovens, garantindo uma qualidade extra. Estou a frequentar o curso de Administra\u00e7\u00e3o P\u00fablica e Aut\u00e1rquica e n\u00e3o me arrependo da escolha. Afsa Antumane JabirEstudante do curso de Administra\u00e7\u00e3o P\u00fablica e Aut\u00e1rquica &#8211; Segundo Ano Falar do Instituto Superior Maria M\u00e3e de \u00c1frica, \u00e9 falar de uma Institui\u00e7\u00e3o interactiva, onde o ensino est\u00e1 centralizado e focado para os valores \u00e9ticos e morais que s\u00e3o a base para um conv\u00edvio na sociedade e tamb\u00e9m para o desenvolvimento do estudante, \u00e9 uma escola familiar, aconchegante, onde os docentes, ensinam com amor e carinho. Sinto-me privilegiada por estudar nessa Institui\u00e7\u00e3o. Obrigada. Ver\u00f3nica Bartolomeu NkavanduEstudante do curso de Servi\u00e7o Social &#8211; 2\u00ba ano Previous Next Ligue-se \u00e0 nossa comunidade online global, onde pode construir a sua rede, encontrar pessoas e manter-se actualizado sobre eventos e forma\u00e7\u00f5es GARANTE O TEU FUTURO \u00a0 COM UMA FORMA\u00c7\u00c3O S\u00d3LIDA<\/p>\n","protected":false},"author":1,"featured_media":0,"parent":0,"menu_order":0,"comment_status":"closed","ping_status":"closed","template":"","meta":{"footnotes":""},"class_list":["post-1458","page","type-page","status-publish","hentry","post-no-thumbnail"],"_links":{"self":[{"href":"https:\/\/ismma.ac.mz\/site\/wp-json\/wp\/v2\/pages\/1458","targetHints":{"allow":["GET"]}}],"collection":[{"href":"https:\/\/ismma.ac.mz\/site\/wp-json\/wp\/v2\/pages"}],"about":[{"href":"https:\/\/ismma.ac.mz\/site\/wp-json\/wp\/v2\/types\/page"}],"author":[{"embeddable":true,"href":"https:\/\/ismma.ac.mz\/site\/wp-json\/wp\/v2\/users\/1"}],"replies":[{"embeddable":true,"href":"https:\/\/ismma.ac.mz\/site\/wp-json\/wp\/v2\/comments?post=1458"}],"version-history":[{"count":64,"href":"https:\/\/ismma.ac.mz\/site\/wp-json\/wp\/v2\/pages\/1458\/revisions"}],"predecessor-version":[{"id":5914,"href":"https:\/\/ismma.ac.mz\/site\/wp-json\/wp\/v2\/pages\/1458\/revisions\/5914"}],"wp:attachment":[{"href":"https:\/\/ismma.ac.mz\/site\/wp-json\/wp\/v2\/media?parent=1458"}],"curies":[{"name":"wp","href":"https:\/\/api.w.org\/{rel}","templated":true}]}}